{"id":6381,"date":"2020-04-06T14:52:39","date_gmt":"2020-04-06T14:52:39","guid":{"rendered":"https:\/\/www.movint.es\/consultoria\/"},"modified":"2025-07-28T11:48:32","modified_gmt":"2025-07-28T09:48:32","slug":"consultoria","status":"publish","type":"page","link":"https:\/\/www.movint.es\/ca\/consultoria\/","title":{"rendered":"Consultoria"},"content":{"rendered":"<p>[vc_row full_width=&#8221;stretch_row&#8221; bg_type=&#8221;image&#8221; parallax_style=&#8221;vcpb-default&#8221; bg_image_new=&#8221;id^12428|url^https:\/\/www.movint.es\/wp-content\/uploads\/2025\/03\/Bombillas-no-esta-en-web-c.gif|caption^null|alt^null|title^Bombillas-no-esta-en&#8211;web-c|description^null&#8221; enable_overlay=&#8221;enable_overlay_value&#8221; overlay_color=&#8221;rgba(0,0,0,0.69)&#8221; css=&#8221;.vc_custom_1753696090733{margin-top: 0px !important;margin-bottom: 0px !important;padding-top: 50px !important;padding-bottom: 50px !important;}&#8221;][vc_column][vc_column_text]<\/p>\n<p style=\"text-align: justify; color: #ffffff;\">La\u00a0consultoria\u00a0\u00e9s un proc\u00e9s integral que pot portar millores significatives a les operacions log\u00edstiques d&#8217;una empresa. En enfocar-se en un diagn\u00f2stic detallat, an\u00e0lisi de problemes i oportunitats, disseny de solucions efectives, i una implementaci\u00f3 acurada; com a\u00a0consultors\u00a0log\u00edstic podem ajudar les empreses a aconseguir una major\u00a0efici\u00e8ncia, reducci\u00f3 de costos i una millor satisfacci\u00f3 del client. La clau de l&#8217;\u00e8xit en la col\u00b7laboraci\u00f3 amb els nostres clients, l&#8217;\u00fas de la tecnologia avan\u00e7ada i un enfocament en la millora cont\u00ednua.<\/p>\n<p><span style=\"color: #ffffff;\">La\u00a0Consultoria\u00a0log\u00edstica no sols aporta valor quan s&#8217;ha de dissenyar i dimensionar un nou centre\u00a0log\u00edstic,\u00a0tamb\u00e9\u00a0ens aporta quan; les instal\u00b7lacions es queden petites, s&#8217;incorpora en nova\u00a0l\u00ednia, preparem comandes en unitats, no tenim control d&#8217;inventari&#8230; en aquests i molts altres casos de Consultoria\u00a0Log\u00edstica\u00a0t\u00e9 experi\u00e8ncia i coneixements per a abordar\u00a0desafiaments\u00a0log\u00edstics\u00a0i\u00a0dissenyar\u00a0solucions personalitzades per a adaptar-se a les necessitats de cada\u00a0situaci\u00f3.<\/span>[\/vc_column_text][\/vc_column][\/vc_row][vc_row full_width=&#8221;stretch_row&#8221; bg_type=&#8221;bg_color&#8221; bg_override=&#8221;ex-full&#8221; css=&#8221;.vc_custom_1586184758248{margin-top: 0px !important;margin-bottom: 0px !important;padding-top: 35px !important;padding-bottom: 35px !important;}&#8221; bg_color_value=&#8221;#2d2d2d&#8221;][vc_column][vc_column_text]<\/p>\n<p style=\"text-align: left; color: #ffffff;\"><span style=\"color: #ffffff;\"><u>Alguns dels serveis que els podem oferir s\u00f3n els seg\u00fcents:<\/u><\/span><\/p>\n<p><span style=\"color: #ffffff;\">Manteniment log\u00edstic, per a impedir la deterioraci\u00f3 i mantenir actualitzacions en els centres. Suposa treball de camp i d&#8217;oficina en els quals mitjan\u00e7ant un pla de visita i accions,\u00a0Movint\u00a0coordina l&#8217;execuci\u00f3 de les tasques programades perqu\u00e8 les instal\u00b7lacions es mantinguin en perfectes condicions tant f\u00edsiques com operatives o de sistemes (IT).<\/span><\/p>\n<p><span style=\"color: #ffffff;\">Formacions de personal a diferents nivells: espec\u00edfica per a responsables o per a personal de magatzem de car\u00e0cter m\u00e9s gen\u00e8ric en \u00e0mbits de noves tecnologies i la seva aplicaci\u00f3, aplicacions log\u00edstiques industrials i de magatzematge, gesti\u00f3 d&#8217;estoc i processos automatitzats.<\/span><\/p>\n<p><span style=\"color: #ffffff;\">Inspecci\u00f3 i revisi\u00f3 t\u00e8cnica de prestatgeries, per a complir amb les normatives vigents que obliguen els centres log\u00edstics a mantenir les prestatgeries de magatzematge en condicions adequades.<\/span><\/p>\n<p><span style=\"color: #ffffff;\">Aixecament de plans. Oferim el servei de digitalitzaci\u00f3 de plans en el cas de no disposar d&#8217;aquesta informaci\u00f3.<\/span><\/p>\n<p><span style=\"color: #ffffff;\">Estudi de Viabilitat Econ\u00f2mica en casos on l&#8217;an\u00e0lisi econ\u00f2mica \u00e9s aspecte cr\u00edtic per a la possibilitat d&#8217;execuci\u00f3 d&#8217;aquest, posem a disposici\u00f3 \u00a0els nostres recursos d&#8217;an\u00e0lisi t\u00e8cnica log\u00edstica financer per a aportar-los tota la informaci\u00f3 necess\u00e0ria sobre aquest tema. Compten amb tres nivells d&#8217;estudi: Calculo de costos i Recuperaci\u00f3 de la inversi\u00f3, Pla de viabilitat est\u00e0tic, Pla de viabilitat simulador.<\/span>[\/vc_column_text][\/vc_column][\/vc_row][vc_row full_width=&#8221;stretch_row&#8221; bg_type=&#8221;bg_color&#8221; bg_color_value=&#8221;#fcfcfc&#8221; css=&#8221;.vc_custom_1586098232714{padding-bottom: 35px !important;background-color: #f2f2f2 !important;}&#8221;][vc_column width=&#8221;1\/4&#8243;][\/vc_column][vc_column width=&#8221;1\/2&#8243;][vc_text_separator title=&#8221;Formulari de contacte&#8221; i_icon_fontawesome=&#8221;fas fa-envelope-open-text&#8221; i_color=&#8221;black&#8221; color=&#8221;black&#8221; add_icon=&#8221;true&#8221;]<div role=\"form\" class=\"wpcf7\" id=\"wpcf7-f4025-o1\" lang=\"es-ES\" dir=\"ltr\">\n<div class=\"screen-reader-response\"><p role=\"status\" aria-live=\"polite\" aria-atomic=\"true\"><\/p> <ul><\/ul><\/div>\n<form action=\"\/ca\/wp-json\/wp\/v2\/pages\/6381#wpcf7-f4025-o1\" method=\"post\" class=\"wpcf7-form init\" novalidate=\"novalidate\" data-status=\"init\">\n<div style=\"display: none;\">\n<input type=\"hidden\" name=\"_wpcf7\" value=\"4025\" \/>\n<input type=\"hidden\" name=\"_wpcf7_version\" value=\"5.6.4\" \/>\n<input type=\"hidden\" name=\"_wpcf7_locale\" value=\"es_ES\" \/>\n<input type=\"hidden\" name=\"_wpcf7_unit_tag\" value=\"wpcf7-f4025-o1\" \/>\n<input type=\"hidden\" name=\"_wpcf7_container_post\" value=\"0\" \/>\n<input type=\"hidden\" name=\"_wpcf7_posted_data_hash\" value=\"\" \/>\n<\/div>\n<p><span class=\"wpcf7-form-control-wrap\" data-name=\"your-name\"><input type=\"text\" name=\"your-name\" value=\"\" size=\"40\" class=\"wpcf7-form-control wpcf7-text wpcf7-validates-as-required\" aria-required=\"true\" aria-invalid=\"false\" placeholder=\"Nom (obligatori)\" \/><\/span><\/p>\n<p><span class=\"wpcf7-form-control-wrap\" data-name=\"your-lastname\"><input type=\"text\" name=\"your-lastname\" value=\"\" size=\"40\" class=\"wpcf7-form-control wpcf7-text\" aria-invalid=\"false\" placeholder=\"Cognom\" \/><\/span><\/p>\n<p><span class=\"wpcf7-form-control-wrap\" data-name=\"your-email\"><input type=\"email\" name=\"your-email\" value=\"\" size=\"40\" class=\"wpcf7-form-control wpcf7-text wpcf7-email wpcf7-validates-as-required wpcf7-validates-as-email\" aria-required=\"true\" aria-invalid=\"false\" placeholder=\"Email (obligatori)\" \/><\/span><\/p>\n<p><span class=\"wpcf7-form-control-wrap\" data-name=\"your-company\"><input type=\"text\" name=\"your-company\" value=\"\" size=\"40\" class=\"wpcf7-form-control wpcf7-text wpcf7-validates-as-required\" aria-required=\"true\" aria-invalid=\"false\" placeholder=\"Empresa (obligatori)\" \/><\/span><\/p>\n<p><span class=\"wpcf7-form-control-wrap\" data-name=\"your-charge\"><input type=\"text\" name=\"your-charge\" value=\"\" size=\"40\" class=\"wpcf7-form-control wpcf7-text wpcf7-validates-as-required\" aria-required=\"true\" aria-invalid=\"false\" placeholder=\"C\u00e0rrec (obligatori)\" \/><\/span><\/p>\n<p><span class=\"wpcf7-form-control-wrap\" data-name=\"your-message\"><textarea name=\"your-message\" cols=\"40\" rows=\"3\" class=\"wpcf7-form-control wpcf7-textarea\" aria-invalid=\"false\" placeholder=\"Missatge\"><\/textarea><\/span><\/p>\n<p><input type=\"submit\" value=\"Enviar\" class=\"wpcf7-form-control has-spinner wpcf7-submit\" \/><\/p>\n<div class=\"wpcf7-response-output\" aria-hidden=\"true\"><\/div><\/form><\/div>[\/vc_column][vc_column width=&#8221;1\/4&#8243;][\/vc_column][\/vc_row]<\/p>\n","protected":false},"excerpt":{"rendered":"<p>[vc_row full_width=&#8221;stretch_row&#8221; bg_type=&#8221;image&#8221; parallax_style=&#8221;vcpb-default&#8221; bg_image_new=&#8221;id^12428|url^https:\/\/www.movint.es\/wp-content\/uploads\/2025\/03\/Bombillas-no-esta-en-web-c.gif|caption^null|alt^null|title^Bombillas-no-esta-en&#8211;web-c|description^null&#8221; enable_overlay=&#8221;enable_overlay_value&#8221; overlay_color=&#8221;rgba(0,0,0,0.69)&#8221; css=&#8221;.vc_custom_1753696090733{margin-top: 0px !important;margin-bottom: 0px !important;padding-top: 50px !important;padding-bottom: 50px !important;}&#8221;][vc_column][vc_column_text] La\u00a0consultoria\u00a0\u00e9s un proc\u00e9s integral que pot portar millores significatives a les operacions log\u00edstiques d&#8217;una empresa. En enfocar-se en un diagn\u00f2stic detallat, an\u00e0lisi de problemes i oportunitats, disseny de solucions efectives, i una implementaci\u00f3 acurada; com a\u00a0consultors\u00a0log\u00edstic podem ajudar les&hellip;<\/p>\n","protected":false},"author":1,"featured_media":0,"parent":0,"menu_order":0,"comment_status":"closed","ping_status":"closed","template":"","meta":[],"_links":{"self":[{"href":"https:\/\/www.movint.es\/ca\/wp-json\/wp\/v2\/pages\/6381"}],"collection":[{"href":"https:\/\/www.movint.es\/ca\/wp-json\/wp\/v2\/pages"}],"about":[{"href":"https:\/\/www.movint.es\/ca\/wp-json\/wp\/v2\/types\/page"}],"author":[{"embeddable":true,"href":"https:\/\/www.movint.es\/ca\/wp-json\/wp\/v2\/users\/1"}],"replies":[{"embeddable":true,"href":"https:\/\/www.movint.es\/ca\/wp-json\/wp\/v2\/comments?post=6381"}],"version-history":[{"count":10,"href":"https:\/\/www.movint.es\/ca\/wp-json\/wp\/v2\/pages\/6381\/revisions"}],"predecessor-version":[{"id":12777,"href":"https:\/\/www.movint.es\/ca\/wp-json\/wp\/v2\/pages\/6381\/revisions\/12777"}],"wp:attachment":[{"href":"https:\/\/www.movint.es\/ca\/wp-json\/wp\/v2\/media?parent=6381"}],"curies":[{"name":"wp","href":"https:\/\/api.w.org\/{rel}","templated":true}]}}