{"id":6374,"date":"2020-04-06T14:05:02","date_gmt":"2020-04-06T14:05:02","guid":{"rendered":"https:\/\/www.movint.es\/estudio-de-mejoras\/"},"modified":"2025-07-28T11:30:17","modified_gmt":"2025-07-28T09:30:17","slug":"estudio-de-mejoras","status":"publish","type":"page","link":"https:\/\/www.movint.es\/ca\/estudio-de-mejoras\/","title":{"rendered":"Estudi de millores"},"content":{"rendered":"<p>[vc_row full_width=&#8221;stretch_row_content&#8221; equal_height=&#8221;yes&#8221; bg_type=&#8221;bg_color&#8221; bg_override=&#8221;ex-full&#8221; enable_overlay=&#8221;enable_overlay_value&#8221; overlay_color=&#8221;rgba(0,0,0,0.69)&#8221; css=&#8221;.vc_custom_1586355018655{margin-top: 0px !important;margin-bottom: 0px !important;padding-top: 0px !important;padding-bottom: 0px !important;}&#8221; bg_color_value=&#8221;#2d2d2d&#8221;][vc_column width=&#8221;1\/2&#8243; css=&#8221;.vc_custom_1586872142379{margin-top: 0px !important;margin-bottom: 0px !important;padding-top: 50px !important;padding-right: 5% !important;padding-bottom: 50px !important;padding-left: 5% !important;background-color: #2d2d2d !important;}&#8221; offset=&#8221;vc_hidden-sm vc_hidden-xs&#8221;][vc_column_text]<\/p>\n<p style=\"text-align: justify; color: #ffffff;\">Qualsevol responsable de Log\u00edstica desitja poder dissenyar el seu nou centre contemplant totes les necessitats, per\u00f2 en la major part dels centres log\u00edstics la realitat \u00e9s que cal adaptar-se a l&#8217;empla\u00e7ament disponible, comptant en el millor dels casos amb algun espai per ampliar.<\/p>\n<p style=\"text-align: justify; color: #ffffff;\">Els nostres estudis de millores estan pensats per donar resposta a aquests casos, atendre les noves necessitats dins el marc existent, o millores en \u00e0rees puntuals, sempre buscant que la log\u00edstica aporti valor als nostres clients i millores en costos per a la nostra companyia.<\/p>\n<p style=\"text-align: justify; color: #ffffff;\">En l&#8217;estudi de millores abordem els punts diagnosticats com a objectius a millorar en l&#8217;auditoria, busquem les solucions m\u00e9s adequades a les necessitats considerant alternatives si escau. Per aix\u00f2 desenvolupem les seg\u00fcents informacions:<\/p>\n<ul style=\"color: #ffffff;\">\n<li>Lay-out &#8216;s de les propostes possibles.<\/li>\n<li>Definici\u00f3 de l&#8217;operativa b\u00e0sica.<\/li>\n<li>Recompte de capacitats que ofereixen.<\/li>\n<li>Tipologia dels sistemes operatius implementats i les seves productivitats estimades.<\/li>\n<li>Previsi\u00f3 d&#8217;inversions.<\/li>\n<li>Definici\u00f3 de durabilitat.<\/li>\n<li>Retorn d&#8217;inversi\u00f3.<\/li>\n<\/ul>\n<p>[\/vc_column_text][\/vc_column][vc_column width=&#8221;1\/2&#8243; css=&#8221;.vc_custom_1753695015486{margin-top: 0px !important;margin-right: 0px !important;margin-bottom: 0px !important;margin-left: 0px !important;padding-top: 300px !important;padding-right: 0px !important;padding-bottom: 300px !important;padding-left: 0px !important;background-image: url(https:\/\/www.movint.es\/wp-content\/uploads\/2025\/07\/AdobeStock_469697438.-puzle-copia-1-scaled.jpeg?id=12758) !important;background-position: center !important;background-repeat: no-repeat !important;background-size: cover !important;}&#8221; offset=&#8221;vc_hidden-sm vc_hidden-xs&#8221;][\/vc_column][\/vc_row][vc_row full_width=&#8221;stretch_row_content&#8221; equal_height=&#8221;yes&#8221; bg_type=&#8221;bg_color&#8221; bg_override=&#8221;ex-full&#8221; enable_overlay=&#8221;enable_overlay_value&#8221; overlay_color=&#8221;rgba(0,0,0,0.69)&#8221; css=&#8221;.vc_custom_1586355018655{margin-top: 0px !important;margin-bottom: 0px !important;padding-top: 0px !important;padding-bottom: 0px !important;}&#8221; bg_color_value=&#8221;#2d2d2d&#8221;][vc_column width=&#8221;1\/2&#8243; css=&#8221;.vc_custom_1586872152891{margin-top: 0px !important;margin-bottom: 0px !important;padding-top: 50px !important;padding-right: 5% !important;padding-bottom: 50px !important;padding-left: 5% !important;background-color: #2d2d2d !important;}&#8221; offset=&#8221;vc_hidden-lg vc_hidden-md&#8221;][vc_column_text]<\/p>\n<p style=\"text-align: justify; color: #ffffff;\">Nuestros estudios de mejoras est\u00e1n pensados para dar respuesta a estos casos, atender a las nuevas necesidades dentro del marco existente, o mejoras en \u00e1reas puntuales, siempre buscando que la log\u00edstica aporte valor a nuestros clientes y mejoras en costes para nuestra compa\u00f1\u00eda.<\/p>\n<p style=\"text-align: justify; color: #ffffff;\">En el estudio de mejoras abordamos los puntos diagnosticados como objetivos a mejorar en la auditoria, buscamos las soluciones m\u00e1s adecuadas a las necesidades considerando alternativas si procede. Para ello desarrollamos las siguientes informaciones:<\/p>\n<ul style=\"color: #ffffff;\">\n<li>Lay-out&#8217;s de las propuestas posibles.<\/li>\n<li>Definici\u00f3n de la operativa b\u00e1sica.<\/li>\n<li>Recuento de capacidades que ofrecen.<\/li>\n<li>Tipolog\u00eda de los sistemas operativos implementados y sus productividades estimadas.<\/li>\n<li>Previsi\u00f3n de inversiones.<\/li>\n<li>Definici\u00f3n de durabilidad.<\/li>\n<li>Retorno de inversi\u00f3n.<\/li>\n<\/ul>\n<p>[\/vc_column_text][\/vc_column][vc_column width=&#8221;1\/2&#8243; css=&#8221;.vc_custom_1586872170525{margin: 0px !important;padding: 0px !important;background-position: center !important;background-repeat: no-repeat !important;background-size: cover !important;border: 0px initial !important;}&#8221; offset=&#8221;vc_hidden-lg vc_hidden-md&#8221;][vc_single_image image=&#8221;12571&#8243; img_size=&#8221;full&#8221; css=&#8221;.vc_custom_1753694482833{margin-top: 0px !important;margin-right: 0px !important;margin-bottom: 0px !important;margin-left: 0px !important;padding-top: 0px !important;padding-right: 0px !important;padding-bottom: 0px !important;padding-left: 0px !important;}&#8221;][\/vc_column][\/vc_row][vc_row full_width=&#8221;stretch_row&#8221; bg_type=&#8221;bg_color&#8221; bg_color_value=&#8221;#fcfcfc&#8221; css=&#8221;.vc_custom_1586098232714{padding-bottom: 35px !important;background-color: #f2f2f2 !important;}&#8221;][vc_column width=&#8221;1\/4&#8243;][\/vc_column][vc_column width=&#8221;1\/2&#8243;][vc_text_separator title=&#8221;Formulari de contacte&#8221; i_icon_fontawesome=&#8221;fas fa-envelope-open-text&#8221; i_color=&#8221;black&#8221; color=&#8221;black&#8221; add_icon=&#8221;true&#8221;]<div role=\"form\" class=\"wpcf7\" id=\"wpcf7-f4025-o1\" lang=\"es-ES\" dir=\"ltr\">\n<div class=\"screen-reader-response\"><p role=\"status\" aria-live=\"polite\" aria-atomic=\"true\"><\/p> <ul><\/ul><\/div>\n<form action=\"\/ca\/wp-json\/wp\/v2\/pages\/6374#wpcf7-f4025-o1\" method=\"post\" class=\"wpcf7-form init\" novalidate=\"novalidate\" data-status=\"init\">\n<div style=\"display: none;\">\n<input type=\"hidden\" name=\"_wpcf7\" value=\"4025\" \/>\n<input type=\"hidden\" name=\"_wpcf7_version\" value=\"5.6.4\" \/>\n<input type=\"hidden\" name=\"_wpcf7_locale\" value=\"es_ES\" \/>\n<input type=\"hidden\" name=\"_wpcf7_unit_tag\" value=\"wpcf7-f4025-o1\" \/>\n<input type=\"hidden\" name=\"_wpcf7_container_post\" value=\"0\" \/>\n<input type=\"hidden\" name=\"_wpcf7_posted_data_hash\" value=\"\" \/>\n<\/div>\n<p><span class=\"wpcf7-form-control-wrap\" data-name=\"your-name\"><input type=\"text\" name=\"your-name\" value=\"\" size=\"40\" class=\"wpcf7-form-control wpcf7-text wpcf7-validates-as-required\" aria-required=\"true\" aria-invalid=\"false\" placeholder=\"Nom (obligatori)\" \/><\/span><\/p>\n<p><span class=\"wpcf7-form-control-wrap\" data-name=\"your-lastname\"><input type=\"text\" name=\"your-lastname\" value=\"\" size=\"40\" class=\"wpcf7-form-control wpcf7-text\" aria-invalid=\"false\" placeholder=\"Cognom\" \/><\/span><\/p>\n<p><span class=\"wpcf7-form-control-wrap\" data-name=\"your-email\"><input type=\"email\" name=\"your-email\" value=\"\" size=\"40\" class=\"wpcf7-form-control wpcf7-text wpcf7-email wpcf7-validates-as-required wpcf7-validates-as-email\" aria-required=\"true\" aria-invalid=\"false\" placeholder=\"Email (obligatori)\" \/><\/span><\/p>\n<p><span class=\"wpcf7-form-control-wrap\" data-name=\"your-company\"><input type=\"text\" name=\"your-company\" value=\"\" size=\"40\" class=\"wpcf7-form-control wpcf7-text wpcf7-validates-as-required\" aria-required=\"true\" aria-invalid=\"false\" placeholder=\"Empresa (obligatori)\" \/><\/span><\/p>\n<p><span class=\"wpcf7-form-control-wrap\" data-name=\"your-charge\"><input type=\"text\" name=\"your-charge\" value=\"\" size=\"40\" class=\"wpcf7-form-control wpcf7-text wpcf7-validates-as-required\" aria-required=\"true\" aria-invalid=\"false\" placeholder=\"C\u00e0rrec (obligatori)\" \/><\/span><\/p>\n<p><span class=\"wpcf7-form-control-wrap\" data-name=\"your-message\"><textarea name=\"your-message\" cols=\"40\" rows=\"3\" class=\"wpcf7-form-control wpcf7-textarea\" aria-invalid=\"false\" placeholder=\"Missatge\"><\/textarea><\/span><\/p>\n<p><input type=\"submit\" value=\"Enviar\" class=\"wpcf7-form-control has-spinner wpcf7-submit\" \/><\/p>\n<div class=\"wpcf7-response-output\" aria-hidden=\"true\"><\/div><\/form><\/div>[\/vc_column][vc_column width=&#8221;1\/4&#8243;][\/vc_column][\/vc_row]<\/p>\n","protected":false},"excerpt":{"rendered":"<p>[vc_row full_width=&#8221;stretch_row_content&#8221; equal_height=&#8221;yes&#8221; bg_type=&#8221;bg_color&#8221; bg_override=&#8221;ex-full&#8221; enable_overlay=&#8221;enable_overlay_value&#8221; overlay_color=&#8221;rgba(0,0,0,0.69)&#8221; css=&#8221;.vc_custom_1586355018655{margin-top: 0px !important;margin-bottom: 0px !important;padding-top: 0px !important;padding-bottom: 0px !important;}&#8221; bg_color_value=&#8221;#2d2d2d&#8221;][vc_column width=&#8221;1\/2&#8243; css=&#8221;.vc_custom_1586872142379{margin-top: 0px !important;margin-bottom: 0px !important;padding-top: 50px !important;padding-right: 5% !important;padding-bottom: 50px !important;padding-left: 5% !important;background-color: #2d2d2d !important;}&#8221; offset=&#8221;vc_hidden-sm vc_hidden-xs&#8221;][vc_column_text] Qualsevol responsable de Log\u00edstica desitja poder dissenyar el seu nou centre contemplant totes les necessitats, per\u00f2 en la major part&hellip;<\/p>\n","protected":false},"author":1,"featured_media":0,"parent":0,"menu_order":0,"comment_status":"closed","ping_status":"closed","template":"","meta":[],"_links":{"self":[{"href":"https:\/\/www.movint.es\/ca\/wp-json\/wp\/v2\/pages\/6374"}],"collection":[{"href":"https:\/\/www.movint.es\/ca\/wp-json\/wp\/v2\/pages"}],"about":[{"href":"https:\/\/www.movint.es\/ca\/wp-json\/wp\/v2\/types\/page"}],"author":[{"embeddable":true,"href":"https:\/\/www.movint.es\/ca\/wp-json\/wp\/v2\/users\/1"}],"replies":[{"embeddable":true,"href":"https:\/\/www.movint.es\/ca\/wp-json\/wp\/v2\/comments?post=6374"}],"version-history":[{"count":9,"href":"https:\/\/www.movint.es\/ca\/wp-json\/wp\/v2\/pages\/6374\/revisions"}],"predecessor-version":[{"id":12774,"href":"https:\/\/www.movint.es\/ca\/wp-json\/wp\/v2\/pages\/6374\/revisions\/12774"}],"wp:attachment":[{"href":"https:\/\/www.movint.es\/ca\/wp-json\/wp\/v2\/media?parent=6374"}],"curies":[{"name":"wp","href":"https:\/\/api.w.org\/{rel}","templated":true}]}}