{"id":4134,"date":"2011-04-07T12:19:26","date_gmt":"2011-04-07T11:19:26","guid":{"rendered":"http:\/\/www.movint.es\/glosario\/"},"modified":"2020-04-27T21:05:00","modified_gmt":"2020-04-27T21:05:00","slug":"glosario","status":"publish","type":"page","link":"https:\/\/www.movint.es\/ca\/glosario\/","title":{"rendered":"Glosario"},"content":{"rendered":"<p><!--:es--><\/p>\n<h3>INTRODUCCI\u00d3<\/h3>\n<p>Aquesta relaci\u00f3 de termes i equipaments log\u00edstics b\u00e0sics pret\u00e9n fer con\u00e8ixer el significat dels tecnicismes usats freq\u00fcentment en el camp de la log\u00edstica aix\u00ed com la descripci\u00f3 d&#8217;equipaments log\u00edstics utilitzats per al desenvolupament tant a nivell operatiu com f\u00edsic en els magatzems o centres de distribuci\u00f3 (ja sigui en magatzems convencionals com autom\u00e0tics).<\/p>\n<p><!--:--><\/p>\n","protected":false},"excerpt":{"rendered":"<p>INTRODUCCI\u00d3 Aquesta relaci\u00f3 de termes i equipaments log\u00edstics b\u00e0sics pret\u00e9n fer con\u00e8ixer el significat dels tecnicismes usats freq\u00fcentment en el camp de la log\u00edstica aix\u00ed com la descripci\u00f3 d&#8217;equipaments log\u00edstics utilitzats per al desenvolupament tant a nivell operatiu com f\u00edsic en els magatzems o centres de distribuci\u00f3 (ja sigui en magatzems convencionals com autom\u00e0tics).<\/p>\n","protected":false},"author":1,"featured_media":0,"parent":0,"menu_order":8,"comment_status":"closed","ping_status":"closed","template":"glosario.php","meta":[],"_links":{"self":[{"href":"https:\/\/www.movint.es\/ca\/wp-json\/wp\/v2\/pages\/4134"}],"collection":[{"href":"https:\/\/www.movint.es\/ca\/wp-json\/wp\/v2\/pages"}],"about":[{"href":"https:\/\/www.movint.es\/ca\/wp-json\/wp\/v2\/types\/page"}],"author":[{"embeddable":true,"href":"https:\/\/www.movint.es\/ca\/wp-json\/wp\/v2\/users\/1"}],"replies":[{"embeddable":true,"href":"https:\/\/www.movint.es\/ca\/wp-json\/wp\/v2\/comments?post=4134"}],"version-history":[{"count":4,"href":"https:\/\/www.movint.es\/ca\/wp-json\/wp\/v2\/pages\/4134\/revisions"}],"predecessor-version":[{"id":6389,"href":"https:\/\/www.movint.es\/ca\/wp-json\/wp\/v2\/pages\/4134\/revisions\/6389"}],"wp:attachment":[{"href":"https:\/\/www.movint.es\/ca\/wp-json\/wp\/v2\/media?parent=4134"}],"curies":[{"name":"wp","href":"https:\/\/api.w.org\/{rel}","templated":true}]}}