{"id":4095,"date":"2011-04-19T12:59:26","date_gmt":"2011-04-19T11:59:26","guid":{"rendered":"http:\/\/www.movint.es\/servicios-2\/reportaje-grafico\/"},"modified":"2020-02-12T02:38:46","modified_gmt":"2020-02-12T02:38:46","slug":"reportaje-grafico","status":"publish","type":"page","link":"https:\/\/www.movint.es\/ca\/servicios-2\/reportaje-grafico\/","title":{"rendered":"Reportatge gr\u00e0fic"},"content":{"rendered":"<p>Movint ofereix un servei pioner de reportatge en v\u00eddeo i fotografia del seu magatzem. Aquest servei \u00e9s realitzat per\u00a0<strong>Vista Diferent<\/strong>, professionals especialitzats en la confecci\u00f3 de reportatges. L\u2019avalen anys d\u2019experi\u00e8ncia i la qualitat dels seus treballs ja realitzats.<br \/>\nDisposem d\u2019un equip fotogr\u00e0fic professional digital d\u2019alta qualitat per a cobrir qualsevol tipus de necessitats que tingui.<br \/>\nTots els nostres reportatges fotogr\u00e0fics els entreguem en un DVD per a que el client pugui utilitzar lliurement les fotografies i v\u00eddeos per a qualsevol finalitat (publicitat, imatge corporativa,\u2026).<\/p>\n<p>Els serveis per els \u201cReportatges Gr\u00e0fics\u201d es classifiquen en:<\/p>\n<p><strong>B\u00c0SIC<\/strong><\/p>\n<p><strong>V\u00eddeo:<\/strong><\/p>\n<ul>\n<li>Creaci\u00f3, realitzaci\u00f3 i producci\u00f3 de v\u00eddeo, durant l\u00b4execuci\u00f3 del projecte.<\/li>\n<li>Seguiment segons dates acordades (a valorar planning del projecte).<\/li>\n<li>Gravaci\u00f3 amb c\u00e0meres Full HD.<\/li>\n<li>Edici\u00f3 i post producci\u00f3 de les imatges.<\/li>\n<li>Edici\u00f3 de clip de l\u00b4obra en execuci\u00f3 (des del comen\u00e7ament al final de l\u2019obra).<\/li>\n<\/ul>\n<p><strong>Fotografia:<\/strong><\/p>\n<ul>\n<li>Creaci\u00f3, realitzaci\u00f3 i producci\u00f3 de fotografies, durant l\u00b4execuci\u00f3 del projecte.<\/li>\n<li>Seguiment segons dates acordades (a valorar planning del projecte).<\/li>\n<li>Gravaci\u00f3 amb c\u00e0meres Full HD.<\/li>\n<li>Retoc i post producci\u00f3 b\u00e0sica de les fotografies.<\/li>\n<\/ul>\n<p><strong>MEDIUM<\/strong><\/p>\n<p><strong>V\u00eddeo:<\/strong><\/p>\n<ul>\n<li>Creaci\u00f3, realitzaci\u00f3 i producci\u00f3 de v\u00eddeo, durant l\u00b4execuci\u00f3 del projecte.<\/li>\n<li>Seguiment segons dates acordades (a valorar planning del projecte).<\/li>\n<li>Gravaci\u00f3 amb c\u00e0meres Full HD.<\/li>\n<li>Edici\u00f3 i post producci\u00f3 de les imatges.<\/li>\n<li>Edici\u00f3 de clip de l\u00b4obra en execuci\u00f3 (des del comen\u00e7ament al final de l\u2019obra).<\/li>\n<li>Edici\u00f3 de clip de l\u00b4obra finalitzada (un cop acabada l\u00b4obra i en funcionament)<\/li>\n<\/ul>\n<p><strong>Fotografia:<\/strong><\/p>\n<ul>\n<li>Creaci\u00f3, realitzaci\u00f3 i producci\u00f3 de fotografies, durant l\u00b4execuci\u00f3 del projecte.<\/li>\n<li>Seguiment segons dates acordades (a valorar planning del projecte).<\/li>\n<li>Gravaci\u00f3 amb c\u00e0meres Full HD.<\/li>\n<li>Retoc i post producci\u00f3 b\u00e0sica de les fotografies.<\/li>\n<li>Retoc avan\u00e7at 10 fotografies escollides.<\/li>\n<li>4 Reportatges aeris.<\/li>\n<li>Creaci\u00f3, realitzaci\u00f3 i producci\u00f3 de fotografies, un cop finalitzat el projecte i tot estigui a punt per a funcionar.<\/li>\n<\/ul>\n<p><strong>PACK TOP<\/strong><\/p>\n<p>Aquest Pack est\u00e0 pensat per a empreses que tinguin un projecte molt llarg, o b\u00e9 demandes especials.<\/p>\n<p>Punts que cal destacar:<\/p>\n<ul>\n<li>Breefing inicial, per consensuar un pla de treball.<\/li>\n<li>Creaci\u00f3 i supervisi\u00f3 de gui\u00f3 de v\u00eddeo abans de comen\u00e7ar la feina.<\/li>\n<li>Creaci\u00f3 i supervisi\u00f3 de gui\u00f3 fotogr\u00e0fic abans de comen\u00e7ar la feina.<\/li>\n<li>Consensuar el material amb qu\u00e8 cal treballar tant de foto com de v\u00eddeo segons les necessitats espec\u00edfiques del projecte.<\/li>\n<li>Creaci\u00f3 de planning de treball a mida amb el gui\u00f3.<\/li>\n<li>Supervisar la quantitat d\u00b4entregues i els timings d\u00b4entrega del material.<!--:--><\/li>\n<\/ul>\n<div role=\"form\" class=\"wpcf7\" id=\"wpcf7-f4025-o1\" lang=\"es-ES\" dir=\"ltr\">\n<div class=\"screen-reader-response\"><p role=\"status\" aria-live=\"polite\" aria-atomic=\"true\"><\/p> <ul><\/ul><\/div>\n<form action=\"\/ca\/wp-json\/wp\/v2\/pages\/4095#wpcf7-f4025-o1\" method=\"post\" class=\"wpcf7-form init\" novalidate=\"novalidate\" data-status=\"init\">\n<div style=\"display: none;\">\n<input type=\"hidden\" name=\"_wpcf7\" value=\"4025\" \/>\n<input type=\"hidden\" name=\"_wpcf7_version\" value=\"5.6.4\" \/>\n<input type=\"hidden\" name=\"_wpcf7_locale\" value=\"es_ES\" \/>\n<input type=\"hidden\" name=\"_wpcf7_unit_tag\" value=\"wpcf7-f4025-o1\" \/>\n<input type=\"hidden\" name=\"_wpcf7_container_post\" value=\"0\" \/>\n<input type=\"hidden\" name=\"_wpcf7_posted_data_hash\" value=\"\" \/>\n<\/div>\n<p><span class=\"wpcf7-form-control-wrap\" data-name=\"your-name\"><input type=\"text\" name=\"your-name\" value=\"\" size=\"40\" class=\"wpcf7-form-control wpcf7-text wpcf7-validates-as-required\" aria-required=\"true\" aria-invalid=\"false\" placeholder=\"Nom (obligatori)\" \/><\/span><\/p>\n<p><span class=\"wpcf7-form-control-wrap\" data-name=\"your-lastname\"><input type=\"text\" name=\"your-lastname\" value=\"\" size=\"40\" class=\"wpcf7-form-control wpcf7-text\" aria-invalid=\"false\" placeholder=\"Cognom\" \/><\/span><\/p>\n<p><span class=\"wpcf7-form-control-wrap\" data-name=\"your-email\"><input type=\"email\" name=\"your-email\" value=\"\" size=\"40\" class=\"wpcf7-form-control wpcf7-text wpcf7-email wpcf7-validates-as-required wpcf7-validates-as-email\" aria-required=\"true\" aria-invalid=\"false\" placeholder=\"Email (obligatori)\" \/><\/span><\/p>\n<p><span class=\"wpcf7-form-control-wrap\" data-name=\"your-company\"><input type=\"text\" name=\"your-company\" value=\"\" size=\"40\" class=\"wpcf7-form-control wpcf7-text wpcf7-validates-as-required\" aria-required=\"true\" aria-invalid=\"false\" placeholder=\"Empresa (obligatori)\" \/><\/span><\/p>\n<p><span class=\"wpcf7-form-control-wrap\" data-name=\"your-charge\"><input type=\"text\" name=\"your-charge\" value=\"\" size=\"40\" class=\"wpcf7-form-control wpcf7-text wpcf7-validates-as-required\" aria-required=\"true\" aria-invalid=\"false\" placeholder=\"C\u00e0rrec (obligatori)\" \/><\/span><\/p>\n<p><span class=\"wpcf7-form-control-wrap\" data-name=\"your-message\"><textarea name=\"your-message\" cols=\"40\" rows=\"3\" class=\"wpcf7-form-control wpcf7-textarea\" aria-invalid=\"false\" placeholder=\"Missatge\"><\/textarea><\/span><\/p>\n<p><input type=\"submit\" value=\"Enviar\" class=\"wpcf7-form-control has-spinner wpcf7-submit\" \/><\/p>\n<div class=\"wpcf7-response-output\" aria-hidden=\"true\"><\/div><\/form><\/div>\n","protected":false},"excerpt":{"rendered":"<p>Movint ofereix un servei pioner de reportatge en v\u00eddeo i fotografia del seu magatzem. Aquest servei \u00e9s realitzat per\u00a0Vista Diferent, professionals especialitzats en la confecci\u00f3 de reportatges. L\u2019avalen anys d\u2019experi\u00e8ncia i la qualitat dels seus treballs ja realitzats. Disposem d\u2019un equip fotogr\u00e0fic professional digital d\u2019alta qualitat per a cobrir qualsevol tipus de necessitats que tingui.&hellip;<\/p>\n","protected":false},"author":1,"featured_media":0,"parent":4031,"menu_order":12,"comment_status":"closed","ping_status":"closed","template":"","meta":[],"_links":{"self":[{"href":"https:\/\/www.movint.es\/ca\/wp-json\/wp\/v2\/pages\/4095"}],"collection":[{"href":"https:\/\/www.movint.es\/ca\/wp-json\/wp\/v2\/pages"}],"about":[{"href":"https:\/\/www.movint.es\/ca\/wp-json\/wp\/v2\/types\/page"}],"author":[{"embeddable":true,"href":"https:\/\/www.movint.es\/ca\/wp-json\/wp\/v2\/users\/1"}],"replies":[{"embeddable":true,"href":"https:\/\/www.movint.es\/ca\/wp-json\/wp\/v2\/comments?post=4095"}],"version-history":[{"count":1,"href":"https:\/\/www.movint.es\/ca\/wp-json\/wp\/v2\/pages\/4095\/revisions"}],"predecessor-version":[{"id":4097,"href":"https:\/\/www.movint.es\/ca\/wp-json\/wp\/v2\/pages\/4095\/revisions\/4097"}],"up":[{"embeddable":true,"href":"https:\/\/www.movint.es\/ca\/wp-json\/wp\/v2\/pages\/4031"}],"wp:attachment":[{"href":"https:\/\/www.movint.es\/ca\/wp-json\/wp\/v2\/media?parent=4095"}],"curies":[{"name":"wp","href":"https:\/\/api.w.org\/{rel}","templated":true}]}}