{"id":4090,"date":"2011-03-03T12:19:20","date_gmt":"2011-03-03T11:19:20","guid":{"rendered":"http:\/\/www.movint.es\/servicios-2\/consultoria-logistica\/"},"modified":"2020-02-12T02:36:55","modified_gmt":"2020-02-12T02:36:55","slug":"consultoria-logistica","status":"publish","type":"page","link":"https:\/\/www.movint.es\/ca\/servicios-2\/consultoria-logistica\/","title":{"rendered":"Consultoria Log\u00edstica"},"content":{"rendered":"<p>La consultoria log\u00edstica pret\u00e9n ser un servei de \u201cfull service\u201d al client, els seus objectius son:<\/p>\n<ul>\n<li>Atendre les seves consultes a nivell log\u00edstic.<\/li>\n<li>Oferir-los solucions i aportar idees de millora sobre les seves consultes sorgides en la situaci\u00f3 actual del magatzem a nivell d\u2019operativa log\u00edstica, compres de nous materials, tecnologies a implantar, etc.<\/li>\n<\/ul>\n<p>En cada cas s\u2019acota el nivell de servei que el client estima oport\u00fa essent aquest mes o menys flexible en funci\u00f3 de les seves necessitats, per aix\u00f2 podem posar a la seva disposici\u00f3 tots els nostres recursos humans i tecnol\u00f2gics.<\/p>\n<p>Alguns dels clients que han contractat aquest servei han empleat els recursos de Movint, en assessorament puntual de contractaci\u00f3, obtenint condicions m\u00e9s favorables en les seves compres de bens d\u2019equips a m\u00e9s del seguiment especialitzat del nostre departament de Gesti\u00f3 i Desenvolupament. Altres han estimat oport\u00fa contar amb el suport del nostre departament t\u00e8cnic per plantejar alternatives diverses d\u2019escenaris possibles en implementacions pr\u00e8vies a ser gestionades pels seus departaments d\u2019expansi\u00f3.<\/p>\n<p>L\u2019equip hum\u00e0 de Movint esta al seu servei per afavorir-los puntualment en aquells aspectes concrets de la log\u00edstica de emmagatzematge que vost\u00e8s estimin oportuns.<\/p>\n<p><!--:--><\/p>\n<div role=\"form\" class=\"wpcf7\" id=\"wpcf7-f4025-o1\" lang=\"es-ES\" dir=\"ltr\">\n<div class=\"screen-reader-response\"><p role=\"status\" aria-live=\"polite\" aria-atomic=\"true\"><\/p> <ul><\/ul><\/div>\n<form action=\"\/ca\/wp-json\/wp\/v2\/pages\/4090#wpcf7-f4025-o1\" method=\"post\" class=\"wpcf7-form init\" novalidate=\"novalidate\" data-status=\"init\">\n<div style=\"display: none;\">\n<input type=\"hidden\" name=\"_wpcf7\" value=\"4025\" \/>\n<input type=\"hidden\" name=\"_wpcf7_version\" value=\"5.6.4\" \/>\n<input type=\"hidden\" name=\"_wpcf7_locale\" value=\"es_ES\" \/>\n<input type=\"hidden\" name=\"_wpcf7_unit_tag\" value=\"wpcf7-f4025-o1\" \/>\n<input type=\"hidden\" name=\"_wpcf7_container_post\" value=\"0\" \/>\n<input type=\"hidden\" name=\"_wpcf7_posted_data_hash\" value=\"\" \/>\n<\/div>\n<p><span class=\"wpcf7-form-control-wrap\" data-name=\"your-name\"><input type=\"text\" name=\"your-name\" value=\"\" size=\"40\" class=\"wpcf7-form-control wpcf7-text wpcf7-validates-as-required\" aria-required=\"true\" aria-invalid=\"false\" placeholder=\"Nom (obligatori)\" \/><\/span><\/p>\n<p><span class=\"wpcf7-form-control-wrap\" data-name=\"your-lastname\"><input type=\"text\" name=\"your-lastname\" value=\"\" size=\"40\" class=\"wpcf7-form-control wpcf7-text\" aria-invalid=\"false\" placeholder=\"Cognom\" \/><\/span><\/p>\n<p><span class=\"wpcf7-form-control-wrap\" data-name=\"your-email\"><input type=\"email\" name=\"your-email\" value=\"\" size=\"40\" class=\"wpcf7-form-control wpcf7-text wpcf7-email wpcf7-validates-as-required wpcf7-validates-as-email\" aria-required=\"true\" aria-invalid=\"false\" placeholder=\"Email (obligatori)\" \/><\/span><\/p>\n<p><span class=\"wpcf7-form-control-wrap\" data-name=\"your-company\"><input type=\"text\" name=\"your-company\" value=\"\" size=\"40\" class=\"wpcf7-form-control wpcf7-text wpcf7-validates-as-required\" aria-required=\"true\" aria-invalid=\"false\" placeholder=\"Empresa (obligatori)\" \/><\/span><\/p>\n<p><span class=\"wpcf7-form-control-wrap\" data-name=\"your-charge\"><input type=\"text\" name=\"your-charge\" value=\"\" size=\"40\" class=\"wpcf7-form-control wpcf7-text wpcf7-validates-as-required\" aria-required=\"true\" aria-invalid=\"false\" placeholder=\"C\u00e0rrec (obligatori)\" \/><\/span><\/p>\n<p><span class=\"wpcf7-form-control-wrap\" data-name=\"your-message\"><textarea name=\"your-message\" cols=\"40\" rows=\"3\" class=\"wpcf7-form-control wpcf7-textarea\" aria-invalid=\"false\" placeholder=\"Missatge\"><\/textarea><\/span><\/p>\n<p><input type=\"submit\" value=\"Enviar\" class=\"wpcf7-form-control has-spinner wpcf7-submit\" \/><\/p>\n<div class=\"wpcf7-response-output\" aria-hidden=\"true\"><\/div><\/form><\/div>\n","protected":false},"excerpt":{"rendered":"<p>La consultoria log\u00edstica pret\u00e9n ser un servei de \u201cfull service\u201d al client, els seus objectius son: Atendre les seves consultes a nivell log\u00edstic. Oferir-los solucions i aportar idees de millora sobre les seves consultes sorgides en la situaci\u00f3 actual del magatzem a nivell d\u2019operativa log\u00edstica, compres de nous materials, tecnologies a implantar, etc. En cada&hellip;<\/p>\n","protected":false},"author":1,"featured_media":0,"parent":4031,"menu_order":9,"comment_status":"closed","ping_status":"closed","template":"","meta":[],"_links":{"self":[{"href":"https:\/\/www.movint.es\/ca\/wp-json\/wp\/v2\/pages\/4090"}],"collection":[{"href":"https:\/\/www.movint.es\/ca\/wp-json\/wp\/v2\/pages"}],"about":[{"href":"https:\/\/www.movint.es\/ca\/wp-json\/wp\/v2\/types\/page"}],"author":[{"embeddable":true,"href":"https:\/\/www.movint.es\/ca\/wp-json\/wp\/v2\/users\/1"}],"replies":[{"embeddable":true,"href":"https:\/\/www.movint.es\/ca\/wp-json\/wp\/v2\/comments?post=4090"}],"version-history":[{"count":1,"href":"https:\/\/www.movint.es\/ca\/wp-json\/wp\/v2\/pages\/4090\/revisions"}],"predecessor-version":[{"id":4092,"href":"https:\/\/www.movint.es\/ca\/wp-json\/wp\/v2\/pages\/4090\/revisions\/4092"}],"up":[{"embeddable":true,"href":"https:\/\/www.movint.es\/ca\/wp-json\/wp\/v2\/pages\/4031"}],"wp:attachment":[{"href":"https:\/\/www.movint.es\/ca\/wp-json\/wp\/v2\/media?parent=4090"}],"curies":[{"name":"wp","href":"https:\/\/api.w.org\/{rel}","templated":true}]}}