{"id":4086,"date":"2011-03-03T12:20:42","date_gmt":"2011-03-03T11:20:42","guid":{"rendered":"http:\/\/www.movint.es\/servicios-2\/servicios-logisticos-especiales\/"},"modified":"2020-02-12T02:34:42","modified_gmt":"2020-02-12T02:34:42","slug":"servicios-logisticos-especiales","status":"publish","type":"page","link":"https:\/\/www.movint.es\/ca\/servicios-2\/servicios-logisticos-especiales\/","title":{"rendered":"Serveis Log\u00edstics Especials"},"content":{"rendered":"<p>El nostre objectiu principal com enginyeria log\u00edstica es oferir bones solucions a tots els nostres clients, aix\u00ed en alguns casos es necessari adaptar-se a les necessitats particulars de cadascun d\u2019ells. Per aquest casos, Movint va crear \u201cserveis especials\u201d.<\/p>\n<p>Amb la nostra experi\u00e8ncia, es f\u00e0cil adaptar-nos a les circumstancies dels clients i realitzar estudis no habituals o sobre \u00e0mbits molt acotats per donar resposta a aquestes necessitats i assolir aix\u00ed el nostre objectiu\u00a0<strong>\u201cdonar el millor servei als nostres clients\u201d<\/strong><\/p>\n<p>En alguns casos els serveis especials que se\u2019ns han contractat\u00a0 han estat:<\/p>\n<p>&#8211;\u00a0\u00a0\u00a0\u00a0 El seguiment i control de la posta en marxa de uns equipaments contractats pel propi client.<\/p>\n<p>&#8211;\u00a0\u00a0\u00a0\u00a0 Disseny i realitzaci\u00f3 de un pla de paletitzaci\u00f3 de totes les refer\u00e8ncies del client en q\u00fcesti\u00f3.<\/p>\n<p>&#8211;\u00a0\u00a0\u00a0\u00a0 Aixecament de pl\u00e0nols de situaci\u00f3 actual.<\/p>\n<p>&#8211;\u00a0\u00a0\u00a0\u00a0 Realitzaci\u00f3 de maquetes d\u2019instal\u00b7lacions.<\/p>\n<p>&#8211;\u00a0\u00a0\u00a0\u00a0 Assessors, exclusivament per la negociaci\u00f3, en compra de bens d\u2019equips per una nova instal\u00b7laci\u00f3.<\/p>\n<p>En cada cas es perfila les necessitats del client i el nivell de servei, essent aquest un servei que permeti al client disposar de Movint com consultoria log\u00edstica al nivell que estimi oport\u00fa per atendre els seus requeriments.<\/p>\n<p><!--:--><\/p>\n<div role=\"form\" class=\"wpcf7\" id=\"wpcf7-f4025-o1\" lang=\"es-ES\" dir=\"ltr\">\n<div class=\"screen-reader-response\"><p role=\"status\" aria-live=\"polite\" aria-atomic=\"true\"><\/p> <ul><\/ul><\/div>\n<form action=\"\/ca\/wp-json\/wp\/v2\/pages\/4086#wpcf7-f4025-o1\" method=\"post\" class=\"wpcf7-form init\" novalidate=\"novalidate\" data-status=\"init\">\n<div style=\"display: none;\">\n<input type=\"hidden\" name=\"_wpcf7\" value=\"4025\" \/>\n<input type=\"hidden\" name=\"_wpcf7_version\" value=\"5.6.4\" \/>\n<input type=\"hidden\" name=\"_wpcf7_locale\" value=\"es_ES\" \/>\n<input type=\"hidden\" name=\"_wpcf7_unit_tag\" value=\"wpcf7-f4025-o1\" \/>\n<input type=\"hidden\" name=\"_wpcf7_container_post\" value=\"0\" \/>\n<input type=\"hidden\" name=\"_wpcf7_posted_data_hash\" value=\"\" \/>\n<\/div>\n<p><span class=\"wpcf7-form-control-wrap\" data-name=\"your-name\"><input type=\"text\" name=\"your-name\" value=\"\" size=\"40\" class=\"wpcf7-form-control wpcf7-text wpcf7-validates-as-required\" aria-required=\"true\" aria-invalid=\"false\" placeholder=\"Nom (obligatori)\" \/><\/span><\/p>\n<p><span class=\"wpcf7-form-control-wrap\" data-name=\"your-lastname\"><input type=\"text\" name=\"your-lastname\" value=\"\" size=\"40\" class=\"wpcf7-form-control wpcf7-text\" aria-invalid=\"false\" placeholder=\"Cognom\" \/><\/span><\/p>\n<p><span class=\"wpcf7-form-control-wrap\" data-name=\"your-email\"><input type=\"email\" name=\"your-email\" value=\"\" size=\"40\" class=\"wpcf7-form-control wpcf7-text wpcf7-email wpcf7-validates-as-required wpcf7-validates-as-email\" aria-required=\"true\" aria-invalid=\"false\" placeholder=\"Email (obligatori)\" \/><\/span><\/p>\n<p><span class=\"wpcf7-form-control-wrap\" data-name=\"your-company\"><input type=\"text\" name=\"your-company\" value=\"\" size=\"40\" class=\"wpcf7-form-control wpcf7-text wpcf7-validates-as-required\" aria-required=\"true\" aria-invalid=\"false\" placeholder=\"Empresa (obligatori)\" \/><\/span><\/p>\n<p><span class=\"wpcf7-form-control-wrap\" data-name=\"your-charge\"><input type=\"text\" name=\"your-charge\" value=\"\" size=\"40\" class=\"wpcf7-form-control wpcf7-text wpcf7-validates-as-required\" aria-required=\"true\" aria-invalid=\"false\" placeholder=\"C\u00e0rrec (obligatori)\" \/><\/span><\/p>\n<p><span class=\"wpcf7-form-control-wrap\" data-name=\"your-message\"><textarea name=\"your-message\" cols=\"40\" rows=\"3\" class=\"wpcf7-form-control wpcf7-textarea\" aria-invalid=\"false\" placeholder=\"Missatge\"><\/textarea><\/span><\/p>\n<p><input type=\"submit\" value=\"Enviar\" class=\"wpcf7-form-control has-spinner wpcf7-submit\" \/><\/p>\n<div class=\"wpcf7-response-output\" aria-hidden=\"true\"><\/div><\/form><\/div>\n","protected":false},"excerpt":{"rendered":"<p>El nostre objectiu principal com enginyeria log\u00edstica es oferir bones solucions a tots els nostres clients, aix\u00ed en alguns casos es necessari adaptar-se a les necessitats particulars de cadascun d\u2019ells. Per aquest casos, Movint va crear \u201cserveis especials\u201d. Amb la nostra experi\u00e8ncia, es f\u00e0cil adaptar-nos a les circumstancies dels clients i realitzar estudis no habituals&hellip;<\/p>\n","protected":false},"author":1,"featured_media":0,"parent":4031,"menu_order":10,"comment_status":"closed","ping_status":"closed","template":"","meta":[],"_links":{"self":[{"href":"https:\/\/www.movint.es\/ca\/wp-json\/wp\/v2\/pages\/4086"}],"collection":[{"href":"https:\/\/www.movint.es\/ca\/wp-json\/wp\/v2\/pages"}],"about":[{"href":"https:\/\/www.movint.es\/ca\/wp-json\/wp\/v2\/types\/page"}],"author":[{"embeddable":true,"href":"https:\/\/www.movint.es\/ca\/wp-json\/wp\/v2\/users\/1"}],"replies":[{"embeddable":true,"href":"https:\/\/www.movint.es\/ca\/wp-json\/wp\/v2\/comments?post=4086"}],"version-history":[{"count":1,"href":"https:\/\/www.movint.es\/ca\/wp-json\/wp\/v2\/pages\/4086\/revisions"}],"predecessor-version":[{"id":4088,"href":"https:\/\/www.movint.es\/ca\/wp-json\/wp\/v2\/pages\/4086\/revisions\/4088"}],"up":[{"embeddable":true,"href":"https:\/\/www.movint.es\/ca\/wp-json\/wp\/v2\/pages\/4031"}],"wp:attachment":[{"href":"https:\/\/www.movint.es\/ca\/wp-json\/wp\/v2\/media?parent=4086"}],"curies":[{"name":"wp","href":"https:\/\/api.w.org\/{rel}","templated":true}]}}