{"id":4082,"date":"2011-04-20T12:22:48","date_gmt":"2011-04-20T11:22:48","guid":{"rendered":"http:\/\/www.movint.es\/servicios-2\/formacion-2\/"},"modified":"2020-02-12T02:32:47","modified_gmt":"2020-02-12T02:32:47","slug":"formacion-2","status":"publish","type":"page","link":"https:\/\/www.movint.es\/ca\/servicios-2\/formacion-2\/","title":{"rendered":"Formaci\u00f3"},"content":{"rendered":"<p>La nostra experi\u00e8ncia i la participaci\u00f3 durant molt anys en diversos cursos de formaci\u00f3 i seminaris, sobre la gesti\u00f3 de la cadena de subministrament, la gesti\u00f3 log\u00edstica de magatzems i dem\u00e8s temes relacionats; ens avalen com formadors experts en l\u2019\u00e0mbit de la log\u00edstica de processos.<\/p>\n<p>Oferim formaci\u00f3 als seus empleats ja sigui espec\u00edfica per un projecte concret o gen\u00e8ric per responsables de log\u00edstica.<\/p>\n<p>Una vegada definit un projecte proposem un\u00a0<strong>programa de formaci\u00f3 espec\u00edfic<\/strong>\u00a0dirigit als responsables de log\u00edstica, als caps de magatzem, als caps de torn i comandaments intermedis.<\/p>\n<p>Tamb\u00e9 oferim\u00a0<strong>formaci\u00f3 gen\u00e8rica<\/strong>\u00a0en \u00e0mbits com les noves tecnologies i les seves aplicacions, aplicacions log\u00edstiques industrials i d\u2019emmagatzematge, gesti\u00f3 d\u2019estocs i processos automatitzats.<\/p>\n<p>Podem realitzar cursos monogr\u00e0fics sobre aspectes concrets segons les necessitats dels nostres clients.<\/p>\n<div role=\"form\" class=\"wpcf7\" id=\"wpcf7-f4025-o1\" lang=\"es-ES\" dir=\"ltr\">\n<div class=\"screen-reader-response\"><p role=\"status\" aria-live=\"polite\" aria-atomic=\"true\"><\/p> <ul><\/ul><\/div>\n<form action=\"\/ca\/wp-json\/wp\/v2\/pages\/4082#wpcf7-f4025-o1\" method=\"post\" class=\"wpcf7-form init\" novalidate=\"novalidate\" data-status=\"init\">\n<div style=\"display: none;\">\n<input type=\"hidden\" name=\"_wpcf7\" value=\"4025\" \/>\n<input type=\"hidden\" name=\"_wpcf7_version\" value=\"5.6.4\" \/>\n<input type=\"hidden\" name=\"_wpcf7_locale\" value=\"es_ES\" \/>\n<input type=\"hidden\" name=\"_wpcf7_unit_tag\" value=\"wpcf7-f4025-o1\" \/>\n<input type=\"hidden\" name=\"_wpcf7_container_post\" value=\"0\" \/>\n<input type=\"hidden\" name=\"_wpcf7_posted_data_hash\" value=\"\" \/>\n<\/div>\n<p><span class=\"wpcf7-form-control-wrap\" data-name=\"your-name\"><input type=\"text\" name=\"your-name\" value=\"\" size=\"40\" class=\"wpcf7-form-control wpcf7-text wpcf7-validates-as-required\" aria-required=\"true\" aria-invalid=\"false\" placeholder=\"Nom (obligatori)\" \/><\/span><\/p>\n<p><span class=\"wpcf7-form-control-wrap\" data-name=\"your-lastname\"><input type=\"text\" name=\"your-lastname\" value=\"\" size=\"40\" class=\"wpcf7-form-control wpcf7-text\" aria-invalid=\"false\" placeholder=\"Cognom\" \/><\/span><\/p>\n<p><span class=\"wpcf7-form-control-wrap\" data-name=\"your-email\"><input type=\"email\" name=\"your-email\" value=\"\" size=\"40\" class=\"wpcf7-form-control wpcf7-text wpcf7-email wpcf7-validates-as-required wpcf7-validates-as-email\" aria-required=\"true\" aria-invalid=\"false\" placeholder=\"Email (obligatori)\" \/><\/span><\/p>\n<p><span class=\"wpcf7-form-control-wrap\" data-name=\"your-company\"><input type=\"text\" name=\"your-company\" value=\"\" size=\"40\" class=\"wpcf7-form-control wpcf7-text wpcf7-validates-as-required\" aria-required=\"true\" aria-invalid=\"false\" placeholder=\"Empresa (obligatori)\" \/><\/span><\/p>\n<p><span class=\"wpcf7-form-control-wrap\" data-name=\"your-charge\"><input type=\"text\" name=\"your-charge\" value=\"\" size=\"40\" class=\"wpcf7-form-control wpcf7-text wpcf7-validates-as-required\" aria-required=\"true\" aria-invalid=\"false\" placeholder=\"C\u00e0rrec (obligatori)\" \/><\/span><\/p>\n<p><span class=\"wpcf7-form-control-wrap\" data-name=\"your-message\"><textarea name=\"your-message\" cols=\"40\" rows=\"3\" class=\"wpcf7-form-control wpcf7-textarea\" aria-invalid=\"false\" placeholder=\"Missatge\"><\/textarea><\/span><\/p>\n<p><input type=\"submit\" value=\"Enviar\" class=\"wpcf7-form-control has-spinner wpcf7-submit\" \/><\/p>\n<div class=\"wpcf7-response-output\" aria-hidden=\"true\"><\/div><\/form><\/div>\n","protected":false},"excerpt":{"rendered":"<p>La nostra experi\u00e8ncia i la participaci\u00f3 durant molt anys en diversos cursos de formaci\u00f3 i seminaris, sobre la gesti\u00f3 de la cadena de subministrament, la gesti\u00f3 log\u00edstica de magatzems i dem\u00e8s temes relacionats; ens avalen com formadors experts en l\u2019\u00e0mbit de la log\u00edstica de processos. Oferim formaci\u00f3 als seus empleats ja sigui espec\u00edfica per un&hellip;<\/p>\n","protected":false},"author":1,"featured_media":0,"parent":4031,"menu_order":8,"comment_status":"closed","ping_status":"closed","template":"","meta":[],"_links":{"self":[{"href":"https:\/\/www.movint.es\/ca\/wp-json\/wp\/v2\/pages\/4082"}],"collection":[{"href":"https:\/\/www.movint.es\/ca\/wp-json\/wp\/v2\/pages"}],"about":[{"href":"https:\/\/www.movint.es\/ca\/wp-json\/wp\/v2\/types\/page"}],"author":[{"embeddable":true,"href":"https:\/\/www.movint.es\/ca\/wp-json\/wp\/v2\/users\/1"}],"replies":[{"embeddable":true,"href":"https:\/\/www.movint.es\/ca\/wp-json\/wp\/v2\/comments?post=4082"}],"version-history":[{"count":1,"href":"https:\/\/www.movint.es\/ca\/wp-json\/wp\/v2\/pages\/4082\/revisions"}],"predecessor-version":[{"id":4084,"href":"https:\/\/www.movint.es\/ca\/wp-json\/wp\/v2\/pages\/4082\/revisions\/4084"}],"up":[{"embeddable":true,"href":"https:\/\/www.movint.es\/ca\/wp-json\/wp\/v2\/pages\/4031"}],"wp:attachment":[{"href":"https:\/\/www.movint.es\/ca\/wp-json\/wp\/v2\/media?parent=4082"}],"curies":[{"name":"wp","href":"https:\/\/api.w.org\/{rel}","templated":true}]}}