{"id":4072,"date":"2011-03-24T10:55:17","date_gmt":"2011-03-24T09:55:17","guid":{"rendered":"http:\/\/www.movint.es\/servicios-2\/soporte-tecnico-logistico-en-las-puestas-en-marcha\/"},"modified":"2020-02-12T02:28:44","modified_gmt":"2020-02-12T02:28:44","slug":"soporte-tecnico-logistico-en-las-puestas-en-marcha","status":"publish","type":"page","link":"https:\/\/www.movint.es\/ca\/servicios-2\/soporte-tecnico-logistico-en-las-puestas-en-marcha\/","title":{"rendered":"Suport T\u00e8cnic Log\u00edstic en les postes en marxa"},"content":{"rendered":"<p>La preparaci\u00f3 d\u2019una posta en marxa \u00e9s essencial pel seu \u00e8xit i evitar imprevistos.<\/p>\n<p>Movint enginyeria log\u00edstica, planteja els seus serveis de forma conjunta o independent, per aix\u00f2 un cop realitzada (si el client ho considera oport\u00fa) la contractaci\u00f3 de la fase preliminar de planificaci\u00f3, podem oferir-los un servei caracter\u00edstic de la nostra empresa i no propi d\u2019altres Consultories log\u00edstiques, que \u00e9s el\u00a0<strong>Suport t\u00e8cnic per la posta en marxa<\/strong>.<\/p>\n<p>Considerant que habitualment\u00a0<strong>l\u2019execuci\u00f3 d\u2019una posta en marxa conviu amb l\u2019activitat di\u00e0ria de qualsevol plataforma log\u00edstica<\/strong>, la nostra tasca fonamental en el servei de Suport t\u00e8cnic, \u00e9s col\u00b7laborar en mantenir l\u2019organitzaci\u00f3 i el criteri\u00a0 de la posta en marxa, aix\u00ed com ajudar en la resoluci\u00f3 de conflictes durant la seva execuci\u00f3 amb el fi principal d\u2019<strong>implantar una nova activitat en pla\u00e7os i condicions previstos sense incidir en l\u2019activitat actual<\/strong>\u00a0de la companyia.<\/p>\n<p><img loading=\"lazy\" class=\"alignleft size-full wp-image-3560\" src=\"http:\/\/www.movint.es\/wp-content\/uploads\/2020\/01\/DSCN20411-300x225-1.jpg\" alt=\"\" width=\"300\" height=\"225\" \/><\/p>\n<p>Per aix\u00f2, \u00e9s prec\u00eds participar en l\u2019 instrucci\u00f3 del personal en l\u2019administraci\u00f3 dels fluxes de mercaderies i la forma m\u00e9s eficient d\u2019utilitzaci\u00f3 de les instal\u00b7lacions.<\/p>\n<p>Aquest servei log\u00edstic de suport t\u00e8cnic, inclou disposar d\u2019un t\u00e8cnic especialista en direcci\u00f3 i coordinaci\u00f3 de postes en marxa que estar\u00e0 present en les instal\u00b7lacions del client per\u00a0<strong>col\u00b7laborar amb el personal que executa la posta en marxa aportant les solucions i idees que siguin necess\u00e0ries durant el proc\u00e9s<\/strong>, en el format horari que s\u2019estableixi amb el client.<\/p>\n<p><!--:--><\/p>\n<p>&nbsp;<\/p>\n<p>&nbsp;<\/p>\n<div role=\"form\" class=\"wpcf7\" id=\"wpcf7-f4025-o1\" lang=\"es-ES\" dir=\"ltr\">\n<div class=\"screen-reader-response\"><p role=\"status\" aria-live=\"polite\" aria-atomic=\"true\"><\/p> <ul><\/ul><\/div>\n<form action=\"\/ca\/wp-json\/wp\/v2\/pages\/4072#wpcf7-f4025-o1\" method=\"post\" class=\"wpcf7-form init\" novalidate=\"novalidate\" data-status=\"init\">\n<div style=\"display: none;\">\n<input type=\"hidden\" name=\"_wpcf7\" value=\"4025\" \/>\n<input type=\"hidden\" name=\"_wpcf7_version\" value=\"5.6.4\" \/>\n<input type=\"hidden\" name=\"_wpcf7_locale\" value=\"es_ES\" \/>\n<input type=\"hidden\" name=\"_wpcf7_unit_tag\" value=\"wpcf7-f4025-o1\" \/>\n<input type=\"hidden\" name=\"_wpcf7_container_post\" value=\"0\" \/>\n<input type=\"hidden\" name=\"_wpcf7_posted_data_hash\" value=\"\" \/>\n<\/div>\n<p><span class=\"wpcf7-form-control-wrap\" data-name=\"your-name\"><input type=\"text\" name=\"your-name\" value=\"\" size=\"40\" class=\"wpcf7-form-control wpcf7-text wpcf7-validates-as-required\" aria-required=\"true\" aria-invalid=\"false\" placeholder=\"Nom (obligatori)\" \/><\/span><\/p>\n<p><span class=\"wpcf7-form-control-wrap\" data-name=\"your-lastname\"><input type=\"text\" name=\"your-lastname\" value=\"\" size=\"40\" class=\"wpcf7-form-control wpcf7-text\" aria-invalid=\"false\" placeholder=\"Cognom\" \/><\/span><\/p>\n<p><span class=\"wpcf7-form-control-wrap\" data-name=\"your-email\"><input type=\"email\" name=\"your-email\" value=\"\" size=\"40\" class=\"wpcf7-form-control wpcf7-text wpcf7-email wpcf7-validates-as-required wpcf7-validates-as-email\" aria-required=\"true\" aria-invalid=\"false\" placeholder=\"Email (obligatori)\" \/><\/span><\/p>\n<p><span class=\"wpcf7-form-control-wrap\" data-name=\"your-company\"><input type=\"text\" name=\"your-company\" value=\"\" size=\"40\" class=\"wpcf7-form-control wpcf7-text wpcf7-validates-as-required\" aria-required=\"true\" aria-invalid=\"false\" placeholder=\"Empresa (obligatori)\" \/><\/span><\/p>\n<p><span class=\"wpcf7-form-control-wrap\" data-name=\"your-charge\"><input type=\"text\" name=\"your-charge\" value=\"\" size=\"40\" class=\"wpcf7-form-control wpcf7-text wpcf7-validates-as-required\" aria-required=\"true\" aria-invalid=\"false\" placeholder=\"C\u00e0rrec (obligatori)\" \/><\/span><\/p>\n<p><span class=\"wpcf7-form-control-wrap\" data-name=\"your-message\"><textarea name=\"your-message\" cols=\"40\" rows=\"3\" class=\"wpcf7-form-control wpcf7-textarea\" aria-invalid=\"false\" placeholder=\"Missatge\"><\/textarea><\/span><\/p>\n<p><input type=\"submit\" value=\"Enviar\" class=\"wpcf7-form-control has-spinner wpcf7-submit\" \/><\/p>\n<div class=\"wpcf7-response-output\" aria-hidden=\"true\"><\/div><\/form><\/div>\n","protected":false},"excerpt":{"rendered":"<p>La preparaci\u00f3 d\u2019una posta en marxa \u00e9s essencial pel seu \u00e8xit i evitar imprevistos. Movint enginyeria log\u00edstica, planteja els seus serveis de forma conjunta o independent, per aix\u00f2 un cop realitzada (si el client ho considera oport\u00fa) la contractaci\u00f3 de la fase preliminar de planificaci\u00f3, podem oferir-los un servei caracter\u00edstic de la nostra empresa i&hellip;<\/p>\n","protected":false},"author":1,"featured_media":0,"parent":4031,"menu_order":6,"comment_status":"closed","ping_status":"closed","template":"","meta":[],"_links":{"self":[{"href":"https:\/\/www.movint.es\/ca\/wp-json\/wp\/v2\/pages\/4072"}],"collection":[{"href":"https:\/\/www.movint.es\/ca\/wp-json\/wp\/v2\/pages"}],"about":[{"href":"https:\/\/www.movint.es\/ca\/wp-json\/wp\/v2\/types\/page"}],"author":[{"embeddable":true,"href":"https:\/\/www.movint.es\/ca\/wp-json\/wp\/v2\/users\/1"}],"replies":[{"embeddable":true,"href":"https:\/\/www.movint.es\/ca\/wp-json\/wp\/v2\/comments?post=4072"}],"version-history":[{"count":1,"href":"https:\/\/www.movint.es\/ca\/wp-json\/wp\/v2\/pages\/4072\/revisions"}],"predecessor-version":[{"id":4076,"href":"https:\/\/www.movint.es\/ca\/wp-json\/wp\/v2\/pages\/4072\/revisions\/4076"}],"up":[{"embeddable":true,"href":"https:\/\/www.movint.es\/ca\/wp-json\/wp\/v2\/pages\/4031"}],"wp:attachment":[{"href":"https:\/\/www.movint.es\/ca\/wp-json\/wp\/v2\/media?parent=4072"}],"curies":[{"name":"wp","href":"https:\/\/api.w.org\/{rel}","templated":true}]}}