{"id":4059,"date":"2011-03-24T10:50:43","date_gmt":"2011-03-24T09:50:43","guid":{"rendered":"http:\/\/www.movint.es\/servicios-2\/asesoramiento-contratacion-de-equipamientos-logisticos\/"},"modified":"2020-02-12T02:23:28","modified_gmt":"2020-02-12T02:23:28","slug":"asesoramiento-contratacion-de-equipamientos-logisticos","status":"publish","type":"page","link":"https:\/\/www.movint.es\/ca\/servicios-2\/asesoramiento-contratacion-de-equipamientos-logisticos\/","title":{"rendered":"Assessorament en contractaci\u00f3 d\u2019equipaments Log\u00edstics"},"content":{"rendered":"<p>El cas de Movint \u00e9s un tant particular; donat que despr\u00e8s, de 25 anys d\u2019experi\u00e8ncia en el mercat sota la mateixa c\u00fapula directiva, som una empresa que es mant\u00e9 independent a les dem\u00e8s empreses comercialitzadores de b\u00e9ns d\u2019equips.<\/p>\n<p>Molts dels nostres clients es trobaven amb un problema de desconeixement del mercat a l\u2019hora de contractar als prove\u00efdors; aix\u00f2 generava greus problemes com manca d\u2019idone\u00eftat a l\u2019hora de contractar als prove\u00efdors amb resultats que no eren els esperats o els promesos, materials no ajustats a les ofertes, preus que es desviaven en plena fase d\u2019execuci\u00f3 quan ja no era viable fer un canvi de prove\u00efdor, incompliment generalitzat en els pla\u00e7os d\u2019entrega amb les seg\u00fcents p\u00e8rdues de temps i diners. Per ajudar als client a solventar aquests problemes, va sorgir l\u2019idea d\u2019oferir un servei d\u2019assessorament en contractaci\u00f3. Em realitzat cents d\u2019assessoraments en contractaci\u00f3 amb resultats molt satisfactoris.<\/p>\n<p>Els nostre servei log\u00edstic, d\u2019<strong>Assist\u00e8ncia<\/strong>\u00a0<strong>i assessorament en contractaci\u00f3 d\u2019equips<\/strong>\u00a0per l\u2019execuci\u00f3 de les instal\u00b7lacions i\/o els subministrament dels materials o equips; ofereix als nostres clients la llibertat i garantia que les solucions proposades per Movint s\u00f3n aquelles que\u00a0 es consideren les m\u00e9s adients pel cas que ens ocupi.<\/p>\n<p>Per aix\u00f2, el nostre objectiu \u00e9s, pensant en l\u2019assessoria log\u00edstica: assessorar al nostre client en l\u2019avaluaci\u00f3 de pressupostos i ofertes aix\u00ed com l\u2019 informaci\u00f3 sobre les alternatives de preus o marques, tamb\u00e9, coordinar amb els subministradors dels equips, instal\u00b7lacions i maquin\u00e0ria fins la seva implementaci\u00f3 i posta en funcionament.<\/p>\n<p>Els elements b\u00e0sics que composen aquesta \u00e0rea, s\u00f3n:<\/p>\n<ol>\n<li>Relaci\u00f3 d\u2019equipaments previstos.<\/li>\n<li>Tramitaci\u00f3 de peticions d\u2019ofertes.<\/li>\n<li>Estudi de pressupostos de prove\u00efdors i taules comparatives.<\/li>\n<li>Negociacions.<\/li>\n<li>Redacci\u00f3 de contractes.<\/li>\n<li>Planificaci\u00f3 del subministrament d\u2019equipaments i seguiment de la seva implantaci\u00f3.<\/li>\n<li>Certificacions d\u2019obra i validaci\u00f3 de factures.<\/li>\n<\/ol>\n<p>El nostre servei d\u2019assessorament en contractaci\u00f3 compren les peticions d\u2019ofertes a les que adjuntem els pl\u00e0nols de les instal\u00b7lacions necessaris per cada tipus de prove\u00efdor i la informaci\u00f3\u00a0 complement\u00e0ria precisa per confeccionar les ofertes, incloent pla\u00e7os d\u2019entrega. Per cada tipus d\u2019element es sol\u00b7liciten varis pressupostos perqu\u00e8 el client pugui escollir el que m\u00e9s el convingui.<\/p>\n<p>Rebem les ofertes i les avaluem en preu, qualitats, pla\u00e7os d\u2019entrega, etc. I elaborem una taula comparativa de prove\u00efdors que faciliti la tasca de contractaci\u00f3 al client.<\/p>\n<p><img loading=\"lazy\" class=\"alignleft size-full wp-image-3555\" src=\"http:\/\/www.movint.es\/wp-content\/uploads\/2020\/01\/foto-contractacio-equips-1.jpg\" alt=\"\" width=\"273\" height=\"92\" \/><\/p>\n<p>Prestem assist\u00e8ncia al client en la fase de negociaci\u00f3 amb els candidats a prove\u00efdors aportant el nostre coneixement del sector perqu\u00e8 el client pugui negociar en les millor condicions i amb els prove\u00efdors que els ofereixin les millors garanties de serietat. Incl\u00fas podem assessorar el proc\u00e9s de contractaci\u00f3 mantenint les reunions amb els prove\u00efdors i preparant els contractes per la seva signatura entre el client i el prove\u00efdor, negociant els pla\u00e7os i les seves corresponents penalitzacions per demora.<\/p>\n<p>Disposem d\u2019una base de dades amb m\u00e9s de 950 prove\u00efdors del sector de l\u2019emmagatzematge, distribuci\u00f3 i log\u00edstica.<\/p>\n<p>No estem vinculats a cap empresa fabricant de b\u00e9ns d\u2019equips o que presti serveis de log\u00edstica, som independents. Aix\u00f2 garanteix que els criteris d\u2019an\u00e0lisis de prove\u00efdors s\u00f3n objectius.<\/p>\n<p><img loading=\"lazy\" class=\"alignright size-full wp-image-3556\" src=\"http:\/\/www.movint.es\/wp-content\/uploads\/2020\/01\/autoportant-esmena-300x225-1.jpg\" alt=\"\" width=\"300\" height=\"225\" \/><\/p>\n<p>&nbsp;<\/p>\n<p>Una vegada adjudicada la instal\u00b7laci\u00f3, fem un seguiment de compliment dels prove\u00efdors, tant pel que fa a que els materials s\u2019ajustin a l\u2019oferta contractada com en al qualitat dels muntatges i el compliment dels pla\u00e7os d\u2019entrega;\u00a0 i controlem l\u2019aplicaci\u00f3 de penalitzacions en cas que s\u2019hagin previst i siguin necess\u00e0ries.<\/p>\n<p>Certifiquem l\u2019obra realitzada o els subministraments efectuats i validem les factures dels prove\u00efdors per que quan el client les pagui tingui la certesa de que el subministrament o la instal\u00b7laci\u00f3 s\u2019han realitzat de forma efectiva.<\/p>\n<p>&nbsp;<\/p>\n<div role=\"form\" class=\"wpcf7\" id=\"wpcf7-f4025-o1\" lang=\"es-ES\" dir=\"ltr\">\n<div class=\"screen-reader-response\"><p role=\"status\" aria-live=\"polite\" aria-atomic=\"true\"><\/p> <ul><\/ul><\/div>\n<form action=\"\/ca\/wp-json\/wp\/v2\/pages\/4059#wpcf7-f4025-o1\" method=\"post\" class=\"wpcf7-form init\" novalidate=\"novalidate\" data-status=\"init\">\n<div style=\"display: none;\">\n<input type=\"hidden\" name=\"_wpcf7\" value=\"4025\" \/>\n<input type=\"hidden\" name=\"_wpcf7_version\" value=\"5.6.4\" \/>\n<input type=\"hidden\" name=\"_wpcf7_locale\" value=\"es_ES\" \/>\n<input type=\"hidden\" name=\"_wpcf7_unit_tag\" value=\"wpcf7-f4025-o1\" \/>\n<input type=\"hidden\" name=\"_wpcf7_container_post\" value=\"0\" \/>\n<input type=\"hidden\" name=\"_wpcf7_posted_data_hash\" value=\"\" \/>\n<\/div>\n<p><span class=\"wpcf7-form-control-wrap\" data-name=\"your-name\"><input type=\"text\" name=\"your-name\" value=\"\" size=\"40\" class=\"wpcf7-form-control wpcf7-text wpcf7-validates-as-required\" aria-required=\"true\" aria-invalid=\"false\" placeholder=\"Nom (obligatori)\" \/><\/span><\/p>\n<p><span class=\"wpcf7-form-control-wrap\" data-name=\"your-lastname\"><input type=\"text\" name=\"your-lastname\" value=\"\" size=\"40\" class=\"wpcf7-form-control wpcf7-text\" aria-invalid=\"false\" placeholder=\"Cognom\" \/><\/span><\/p>\n<p><span class=\"wpcf7-form-control-wrap\" data-name=\"your-email\"><input type=\"email\" name=\"your-email\" value=\"\" size=\"40\" class=\"wpcf7-form-control wpcf7-text wpcf7-email wpcf7-validates-as-required wpcf7-validates-as-email\" aria-required=\"true\" aria-invalid=\"false\" placeholder=\"Email (obligatori)\" \/><\/span><\/p>\n<p><span class=\"wpcf7-form-control-wrap\" data-name=\"your-company\"><input type=\"text\" name=\"your-company\" value=\"\" size=\"40\" class=\"wpcf7-form-control wpcf7-text wpcf7-validates-as-required\" aria-required=\"true\" aria-invalid=\"false\" placeholder=\"Empresa (obligatori)\" \/><\/span><\/p>\n<p><span class=\"wpcf7-form-control-wrap\" data-name=\"your-charge\"><input type=\"text\" name=\"your-charge\" value=\"\" size=\"40\" class=\"wpcf7-form-control wpcf7-text wpcf7-validates-as-required\" aria-required=\"true\" aria-invalid=\"false\" placeholder=\"C\u00e0rrec (obligatori)\" \/><\/span><\/p>\n<p><span class=\"wpcf7-form-control-wrap\" data-name=\"your-message\"><textarea name=\"your-message\" cols=\"40\" rows=\"3\" class=\"wpcf7-form-control wpcf7-textarea\" aria-invalid=\"false\" placeholder=\"Missatge\"><\/textarea><\/span><\/p>\n<p><input type=\"submit\" value=\"Enviar\" class=\"wpcf7-form-control has-spinner wpcf7-submit\" \/><\/p>\n<div class=\"wpcf7-response-output\" aria-hidden=\"true\"><\/div><\/form><\/div>\n","protected":false},"excerpt":{"rendered":"<p>El cas de Movint \u00e9s un tant particular; donat que despr\u00e8s, de 25 anys d\u2019experi\u00e8ncia en el mercat sota la mateixa c\u00fapula directiva, som una empresa que es mant\u00e9 independent a les dem\u00e8s empreses comercialitzadores de b\u00e9ns d\u2019equips. Molts dels nostres clients es trobaven amb un problema de desconeixement del mercat a l\u2019hora de contractar&hellip;<\/p>\n","protected":false},"author":1,"featured_media":0,"parent":4031,"menu_order":4,"comment_status":"closed","ping_status":"closed","template":"","meta":[],"_links":{"self":[{"href":"https:\/\/www.movint.es\/ca\/wp-json\/wp\/v2\/pages\/4059"}],"collection":[{"href":"https:\/\/www.movint.es\/ca\/wp-json\/wp\/v2\/pages"}],"about":[{"href":"https:\/\/www.movint.es\/ca\/wp-json\/wp\/v2\/types\/page"}],"author":[{"embeddable":true,"href":"https:\/\/www.movint.es\/ca\/wp-json\/wp\/v2\/users\/1"}],"replies":[{"embeddable":true,"href":"https:\/\/www.movint.es\/ca\/wp-json\/wp\/v2\/comments?post=4059"}],"version-history":[{"count":2,"href":"https:\/\/www.movint.es\/ca\/wp-json\/wp\/v2\/pages\/4059\/revisions"}],"predecessor-version":[{"id":4064,"href":"https:\/\/www.movint.es\/ca\/wp-json\/wp\/v2\/pages\/4059\/revisions\/4064"}],"up":[{"embeddable":true,"href":"https:\/\/www.movint.es\/ca\/wp-json\/wp\/v2\/pages\/4031"}],"wp:attachment":[{"href":"https:\/\/www.movint.es\/ca\/wp-json\/wp\/v2\/media?parent=4059"}],"curies":[{"name":"wp","href":"https:\/\/api.w.org\/{rel}","templated":true}]}}