{"id":4049,"date":"2011-03-24T10:44:23","date_gmt":"2011-03-24T09:44:23","guid":{"rendered":"http:\/\/www.movint.es\/servicios-2\/estudio-viabilidad-econ%c3%b3mica\/"},"modified":"2020-07-13T13:42:24","modified_gmt":"2020-07-13T13:42:24","slug":"estudio-viabilidad-economica","status":"publish","type":"page","link":"https:\/\/www.movint.es\/ca\/servicios-2\/estudio-viabilidad-economica\/","title":{"rendered":"Estudi Viabilitat Econ\u00f2mica"},"content":{"rendered":"<p>Cada vegada \u00e9s m\u00e9s freq\u00fcent que les enginyeries log\u00edstiques ampli\u00efn el seu radi d\u2019acci\u00f3 pel que fa als seus serveis, i si be \u00e9s cert que aquest servei de estudi de viabilitat econ\u00f2mica \u00e9s propi d\u2019un assessor financer m\u00e9s que log\u00edstic, no \u00e9s menys cert que hi ha molt aspectes que concentrar-los en el conjunt d\u2019un projecte poden contribuir a reduir despeses en el c\u00f2mput general del projecte en q\u00fcesti\u00f3.<\/p>\n<p>L\u2019experi\u00e8ncia de Movint com assessoria log\u00edstica, ens ha portat a poder oferir aquest servei en un nivell de qualitat molt elevat, el que ha fet possible fragmentar-lo en tres nivells de complexitat per poder ajustar-se a les necessitats i particularitats de cada cas.<\/p>\n<p><strong>Nivell 1: C\u00e0lcul de costos i recuperaci\u00f3 de l\u2019 inversi\u00f3.<\/strong><\/p>\n<p>Per realitzar aquest estudi \u00e9s necessari con\u00e8ixer la situaci\u00f3 actual amb les despeses i costos directament associats al \u00e0mbit de la inversi\u00f3 i aquesta en si mateixa. D\u2019aquesta manera podem fer la comparaci\u00f3 entre els escenaris actual i nou, calculant la rendibilitat de la inversi\u00f3.<\/p>\n<p>Quan es produeixen casos en que no es disposa de la situaci\u00f3 actual (per ser un negoci nou), amb les dades del projecte calculem el retorn de la inversi\u00f3 en funci\u00f3 de les expectatives de beneficis deguts a l\u2019activitat.<\/p>\n<p>En aquest nivell no arribem a treballar els estats financers (balan\u00e7 i compte de p\u00e8rdues i guanys).<\/p>\n<p>Per fer aquest an\u00e0lisi \u00e9s necessari con\u00e8ixer:<\/p>\n<ul>\n<li>Per\u00edode temporal del projecte<\/li>\n<li>Volum de l\u2019activitat<\/li>\n<li>Tarifa de preus<\/li>\n<li>Inversi\u00f3 detallada<\/li>\n<li>M\u00e8tode d\u2019amortitzaci\u00f3<\/li>\n<li>Pla\u00e7 m\u00ednim de recuperaci\u00f3 de la inversi\u00f3<\/li>\n<li>Situaci\u00f3 actual<\/li>\n<li>Despeses directament associables<\/li>\n<li>Previsi\u00f3 de ratis financers<\/li>\n<li>Fonts i sistema de finan\u00e7ament de la inversi\u00f3.<\/li>\n<\/ul>\n<p>El resultat s\u00f3n una s\u00e8rie de quadres on es detalla la inversi\u00f3, la seva repercussi\u00f3 anual en els costos i el c\u00e0lcul del retorn de la mateixa aix\u00ed com una comparaci\u00f3 amb la situaci\u00f3 actual a fi que sigui possible avaluar si \u00e9s \u201cuna bona inversi\u00f3\u201d.<\/p>\n<p><strong>Nivell 2: Pla de viabilitat est\u00e0tic<\/strong><\/p>\n<p><img loading=\"lazy\" class=\"alignleft size-full wp-image-3551\" src=\"http:\/\/www.movint.es\/wp-content\/uploads\/2020\/01\/foto-EVE.jpg\" alt=\"\" width=\"110\" height=\"73\" \/><\/p>\n<p>En aquest segon nivell ja entrem a valorar els estats financers i per tant hi haur\u00e0 algunes necessitats addicionals d\u2019informaci\u00f3.<\/p>\n<p>Internament la documentaci\u00f3 ja inclou unes relacions i permet una certa flexibilitat, sense arribar a \u00e9sser un simulador, no hi haur\u00e0 un panell de control\u00a0 per l\u2019usuari on es puguin modificar els par\u00e0metres claus del projecte.<\/p>\n<p>A totes les necessitats anteriors, se\u2019ls afegir\u00e0 les pr\u00f2pies d\u2019un estat financer:<\/p>\n<ul>\n<li>La composici\u00f3 dels fons propis.<\/li>\n<li>Estructuraci\u00f3 del grup d\u2019empresa i si n\u2019hi ha les seves funcions.<\/li>\n<li>Despeses estructurals.<\/li>\n<li>Altres despeses semi-estructurals, com el transport d\u2019entrada i sortida, lloguers d\u2019equipaments, \u2026<\/li>\n<li>Verificar si es vol desglossar la informaci\u00f3 per l\u00ednees de producte, mercats i altres caracter\u00edstiques claus del negoci.<\/li>\n<li>Com es fa el repartiment de la inversi\u00f3 entre els diferents grups amb el fi de poder calcular la repercussi\u00f3.<\/li>\n<li>Com es gestiona el repartiment de les despeses estructurals. Sistemes de repartiment.<\/li>\n<\/ul>\n<p>El resulta que s\u2019obt\u00e9 a m\u00e9s del que ja ofereix el primer nivell, encara que amb m\u00e9s nivell de detall, \u00e9s un fitxer din\u00e0mic (parcialment) que permet realitzar petites modificacions.<\/p>\n<p><strong>NIVELL 3: PLA DE VIABILITAT\u00a0 AMB SIMULADOR<\/strong><\/p>\n<p>En el cas del nivell 3, incorpora un fitxer amb totes les dades necess\u00e0ries amb un quadre de comandament, des de el que es poden modificar tots els par\u00e0metres claus del projecte i que autom\u00e0ticament actualitza tots els quadres i estats financers.<\/p>\n<p>Las necessitats d\u2019informaci\u00f3 s\u00f3n en ess\u00e8ncia les mateixes que en el nivell 2. \u00danicament caldria saber fins quin nivell es vol obtenir el simulador en aquells conceptes que es preveu siguin variables. Per exemple, quantes refer\u00e8ncies es vol tenir dins les l\u00ednees de producte, amb la finalitat d\u2019adaptar la simulaci\u00f3.<\/p>\n<p>El resultat \u00e9s el que s\u2019obt\u00e9 en el nivell 2 amb m\u00e9s detall si \u00e9s possible i el simulador.<\/p>\n<div role=\"form\" class=\"wpcf7\" id=\"wpcf7-f4025-o1\" lang=\"es-ES\" dir=\"ltr\">\n<div class=\"screen-reader-response\"><p role=\"status\" aria-live=\"polite\" aria-atomic=\"true\"><\/p> <ul><\/ul><\/div>\n<form action=\"\/ca\/wp-json\/wp\/v2\/pages\/4049#wpcf7-f4025-o1\" method=\"post\" class=\"wpcf7-form init\" novalidate=\"novalidate\" data-status=\"init\">\n<div style=\"display: none;\">\n<input type=\"hidden\" name=\"_wpcf7\" value=\"4025\" \/>\n<input type=\"hidden\" name=\"_wpcf7_version\" value=\"5.6.4\" \/>\n<input type=\"hidden\" name=\"_wpcf7_locale\" value=\"es_ES\" \/>\n<input type=\"hidden\" name=\"_wpcf7_unit_tag\" value=\"wpcf7-f4025-o1\" \/>\n<input type=\"hidden\" name=\"_wpcf7_container_post\" value=\"0\" \/>\n<input type=\"hidden\" name=\"_wpcf7_posted_data_hash\" value=\"\" \/>\n<\/div>\n<p><span class=\"wpcf7-form-control-wrap\" data-name=\"your-name\"><input type=\"text\" name=\"your-name\" value=\"\" size=\"40\" class=\"wpcf7-form-control wpcf7-text wpcf7-validates-as-required\" aria-required=\"true\" aria-invalid=\"false\" placeholder=\"Nom (obligatori)\" \/><\/span><\/p>\n<p><span class=\"wpcf7-form-control-wrap\" data-name=\"your-lastname\"><input type=\"text\" name=\"your-lastname\" value=\"\" size=\"40\" class=\"wpcf7-form-control wpcf7-text\" aria-invalid=\"false\" placeholder=\"Cognom\" \/><\/span><\/p>\n<p><span class=\"wpcf7-form-control-wrap\" data-name=\"your-email\"><input type=\"email\" name=\"your-email\" value=\"\" size=\"40\" class=\"wpcf7-form-control wpcf7-text wpcf7-email wpcf7-validates-as-required wpcf7-validates-as-email\" aria-required=\"true\" aria-invalid=\"false\" placeholder=\"Email (obligatori)\" \/><\/span><\/p>\n<p><span class=\"wpcf7-form-control-wrap\" data-name=\"your-company\"><input type=\"text\" name=\"your-company\" value=\"\" size=\"40\" class=\"wpcf7-form-control wpcf7-text wpcf7-validates-as-required\" aria-required=\"true\" aria-invalid=\"false\" placeholder=\"Empresa (obligatori)\" \/><\/span><\/p>\n<p><span class=\"wpcf7-form-control-wrap\" data-name=\"your-charge\"><input type=\"text\" name=\"your-charge\" value=\"\" size=\"40\" class=\"wpcf7-form-control wpcf7-text wpcf7-validates-as-required\" aria-required=\"true\" aria-invalid=\"false\" placeholder=\"C\u00e0rrec (obligatori)\" \/><\/span><\/p>\n<p><span class=\"wpcf7-form-control-wrap\" data-name=\"your-message\"><textarea name=\"your-message\" cols=\"40\" rows=\"3\" class=\"wpcf7-form-control wpcf7-textarea\" aria-invalid=\"false\" placeholder=\"Missatge\"><\/textarea><\/span><\/p>\n<p><input type=\"submit\" value=\"Enviar\" class=\"wpcf7-form-control has-spinner wpcf7-submit\" \/><\/p>\n<div class=\"wpcf7-response-output\" aria-hidden=\"true\"><\/div><\/form><\/div>\n","protected":false},"excerpt":{"rendered":"<p>Cada vegada \u00e9s m\u00e9s freq\u00fcent que les enginyeries log\u00edstiques ampli\u00efn el seu radi d\u2019acci\u00f3 pel que fa als seus serveis, i si be \u00e9s cert que aquest servei de estudi de viabilitat econ\u00f2mica \u00e9s propi d\u2019un assessor financer m\u00e9s que log\u00edstic, no \u00e9s menys cert que hi ha molt aspectes que concentrar-los en el conjunt&hellip;<\/p>\n","protected":false},"author":1,"featured_media":0,"parent":4031,"menu_order":2,"comment_status":"closed","ping_status":"closed","template":"","meta":[],"_links":{"self":[{"href":"https:\/\/www.movint.es\/ca\/wp-json\/wp\/v2\/pages\/4049"}],"collection":[{"href":"https:\/\/www.movint.es\/ca\/wp-json\/wp\/v2\/pages"}],"about":[{"href":"https:\/\/www.movint.es\/ca\/wp-json\/wp\/v2\/types\/page"}],"author":[{"embeddable":true,"href":"https:\/\/www.movint.es\/ca\/wp-json\/wp\/v2\/users\/1"}],"replies":[{"embeddable":true,"href":"https:\/\/www.movint.es\/ca\/wp-json\/wp\/v2\/comments?post=4049"}],"version-history":[{"count":1,"href":"https:\/\/www.movint.es\/ca\/wp-json\/wp\/v2\/pages\/4049\/revisions"}],"predecessor-version":[{"id":4053,"href":"https:\/\/www.movint.es\/ca\/wp-json\/wp\/v2\/pages\/4049\/revisions\/4053"}],"up":[{"embeddable":true,"href":"https:\/\/www.movint.es\/ca\/wp-json\/wp\/v2\/pages\/4031"}],"wp:attachment":[{"href":"https:\/\/www.movint.es\/ca\/wp-json\/wp\/v2\/media?parent=4049"}],"curies":[{"name":"wp","href":"https:\/\/api.w.org\/{rel}","templated":true}]}}