{"id":4041,"date":"2011-03-03T12:17:30","date_gmt":"2011-03-03T11:17:30","guid":{"rendered":"http:\/\/www.movint.es\/servicios-2\/auditorias-logisticas\/"},"modified":"2025-07-28T11:19:56","modified_gmt":"2025-07-28T09:19:56","slug":"auditorias-logisticas","status":"publish","type":"page","link":"https:\/\/www.movint.es\/ca\/auditorias-logisticas\/","title":{"rendered":"Auditoria"},"content":{"rendered":"<p>[vc_row full_width=&#8221;stretch_row&#8221; bg_type=&#8221;image&#8221; parallax_style=&#8221;vcpb-default&#8221; bg_image_new=&#8221;id^12416|url^https:\/\/www.movint.es\/wp-content\/uploads\/2025\/03\/shutterstock_2344499541comp.gif|caption^null|alt^null|title^shutterstock_2344499541comp|description^null&#8221; enable_overlay=&#8221;enable_overlay_value&#8221; overlay_color=&#8221;rgba(255,255,255,0.6)&#8221; css=&#8221;.vc_custom_1753694391803{margin-top: 0px !important;margin-bottom: 0px !important;padding-top: 50px !important;padding-bottom: 50px !important;}&#8221;][vc_column][vc_column_text]<\/p>\n<p style=\"text-align: justify; color: #333333;\">L&#8217;objectiu d&#8217;aquest servei \u00e9s l&#8217;avaluaci\u00f3 dels nostres clients, els seus sistemes o procediments per a aix\u00f2 complim amb una s\u00e8rie de normes que asseguren essencialment la nostra capacitat, objectivitat i independ\u00e8ncia, amb el prop\u00f2sit de verificar que l&#8217;empresa auditada treballa conforme a la normativa interna i externa corresponent al sector en q\u00fcesti\u00f3, diagnosticant a m\u00e9s les necessitats de correccions a realitzar.<\/p>\n<p>El principal objectiu d&#8217;una auditoria log\u00edstica d&#8217;un magatzem, \u00e9s avaluar la necessitat actual i futura, per a aix\u00f2 analitzem les inflacions i processos actuals, amb la finalitat de detectar i corregir les possibles defici\u00e8ncies existents i de pas con\u00e8ixer les inquietuds futures de la companyia.<\/p>\n<p>Hem d&#8217;interpretar les necessitats dels nostres clients i diagnosticar la situaci\u00f3 actual de l&#8217;empresa, detectar els punts febles aix\u00ed com les oportunitats de millora.<\/p>\n<p>L&#8217;\u00e0mbit d&#8217;actuaci\u00f3 d&#8217;una auditoria log\u00edstica compr\u00e8n habitualment els seg\u00fcents aspectes:<\/p>\n<p>\u00b7 Inventari de les actuals instal\u00b7lacions i equipaments.<br \/>\n\u00b7 Estudi per \u00e0rees de l&#8217;operativa del magatzem: entrades, ubicacions, reposicions, preparaci\u00f3 de comandes, expedicions i zones espec\u00edfiques de cada instal\u00b7laci\u00f3.<br \/>\n\u00b7 Procediments i normes de funcionament i productivitat, en s\u00edntesi el seu organigrama de personal i els recursos t\u00e8cnics d&#8217;aquest.<br \/>\n\u00b7 An\u00e0lisi de fitxers d&#8217;activitat per a determinar volums d&#8217;estoc, nombre de refer\u00e8ncies, moviments, etc\u00e8tera.<br \/>\n\u00b7 An\u00e0lisi dels diferents elements que conformen cadascuna de les \u00e0rees.<br \/>\n\u00b7 Valoraci\u00f3 de les diferents \u00e0rees estudiades, diagnosticant les defici\u00e8ncies detectades. Apliquem metodologia Llegeixin als nostres processos interns, aix\u00f2 ens permet garantir l&#8217;an\u00e0lisi de tot el flux de la companyia.<\/p>\n<p>Sobre el resultat de l&#8217;estudi, i en el cas que se sol\u00b7liciti, es confeccionaria la proposta de mesures adequades.<\/p>\n<p>&nbsp;<\/p>\n<p style=\"text-align: justify; color: #333333;\">Apliquem metodologia Lean als nostres processos interns, aix\u00f2 ens permet garantir que analitzem tot el flux de la companyia.<\/p>\n<p>[\/vc_column_text][\/vc_column][\/vc_row][vc_row full_width=&#8221;stretch_row&#8221; bg_type=&#8221;bg_color&#8221; bg_color_value=&#8221;#fcfcfc&#8221; css=&#8221;.vc_custom_1586098232714{padding-bottom: 35px !important;background-color: #f2f2f2 !important;}&#8221;][vc_column width=&#8221;1\/4&#8243;][\/vc_column][vc_column width=&#8221;1\/2&#8243;][vc_text_separator title=&#8221;Formulari de contacte&#8221; i_icon_fontawesome=&#8221;fas fa-envelope-open-text&#8221; i_color=&#8221;black&#8221; color=&#8221;black&#8221; add_icon=&#8221;true&#8221;]<div role=\"form\" class=\"wpcf7\" id=\"wpcf7-f4025-o1\" lang=\"es-ES\" dir=\"ltr\">\n<div class=\"screen-reader-response\"><p role=\"status\" aria-live=\"polite\" aria-atomic=\"true\"><\/p> <ul><\/ul><\/div>\n<form action=\"\/ca\/wp-json\/wp\/v2\/pages\/4041#wpcf7-f4025-o1\" method=\"post\" class=\"wpcf7-form init\" novalidate=\"novalidate\" data-status=\"init\">\n<div style=\"display: none;\">\n<input type=\"hidden\" name=\"_wpcf7\" value=\"4025\" \/>\n<input type=\"hidden\" name=\"_wpcf7_version\" value=\"5.6.4\" \/>\n<input type=\"hidden\" name=\"_wpcf7_locale\" value=\"es_ES\" \/>\n<input type=\"hidden\" name=\"_wpcf7_unit_tag\" value=\"wpcf7-f4025-o1\" \/>\n<input type=\"hidden\" name=\"_wpcf7_container_post\" value=\"0\" \/>\n<input type=\"hidden\" name=\"_wpcf7_posted_data_hash\" value=\"\" \/>\n<\/div>\n<p><span class=\"wpcf7-form-control-wrap\" data-name=\"your-name\"><input type=\"text\" name=\"your-name\" value=\"\" size=\"40\" class=\"wpcf7-form-control wpcf7-text wpcf7-validates-as-required\" aria-required=\"true\" aria-invalid=\"false\" placeholder=\"Nom (obligatori)\" \/><\/span><\/p>\n<p><span class=\"wpcf7-form-control-wrap\" data-name=\"your-lastname\"><input type=\"text\" name=\"your-lastname\" value=\"\" size=\"40\" class=\"wpcf7-form-control wpcf7-text\" aria-invalid=\"false\" placeholder=\"Cognom\" \/><\/span><\/p>\n<p><span class=\"wpcf7-form-control-wrap\" data-name=\"your-email\"><input type=\"email\" name=\"your-email\" value=\"\" size=\"40\" class=\"wpcf7-form-control wpcf7-text wpcf7-email wpcf7-validates-as-required wpcf7-validates-as-email\" aria-required=\"true\" aria-invalid=\"false\" placeholder=\"Email (obligatori)\" \/><\/span><\/p>\n<p><span class=\"wpcf7-form-control-wrap\" data-name=\"your-company\"><input type=\"text\" name=\"your-company\" value=\"\" size=\"40\" class=\"wpcf7-form-control wpcf7-text wpcf7-validates-as-required\" aria-required=\"true\" aria-invalid=\"false\" placeholder=\"Empresa (obligatori)\" \/><\/span><\/p>\n<p><span class=\"wpcf7-form-control-wrap\" data-name=\"your-charge\"><input type=\"text\" name=\"your-charge\" value=\"\" size=\"40\" class=\"wpcf7-form-control wpcf7-text wpcf7-validates-as-required\" aria-required=\"true\" aria-invalid=\"false\" placeholder=\"C\u00e0rrec (obligatori)\" \/><\/span><\/p>\n<p><span class=\"wpcf7-form-control-wrap\" data-name=\"your-message\"><textarea name=\"your-message\" cols=\"40\" rows=\"3\" class=\"wpcf7-form-control wpcf7-textarea\" aria-invalid=\"false\" placeholder=\"Missatge\"><\/textarea><\/span><\/p>\n<p><input type=\"submit\" value=\"Enviar\" class=\"wpcf7-form-control has-spinner wpcf7-submit\" \/><\/p>\n<div class=\"wpcf7-response-output\" aria-hidden=\"true\"><\/div><\/form><\/div>[\/vc_column][vc_column width=&#8221;1\/4&#8243;][\/vc_column][\/vc_row]<\/p>\n","protected":false},"excerpt":{"rendered":"<p>[vc_row full_width=&#8221;stretch_row&#8221; bg_type=&#8221;image&#8221; parallax_style=&#8221;vcpb-default&#8221; bg_image_new=&#8221;id^12416|url^https:\/\/www.movint.es\/wp-content\/uploads\/2025\/03\/shutterstock_2344499541comp.gif|caption^null|alt^null|title^shutterstock_2344499541comp|description^null&#8221; enable_overlay=&#8221;enable_overlay_value&#8221; overlay_color=&#8221;rgba(255,255,255,0.6)&#8221; css=&#8221;.vc_custom_1753694391803{margin-top: 0px !important;margin-bottom: 0px !important;padding-top: 50px !important;padding-bottom: 50px !important;}&#8221;][vc_column][vc_column_text] L&#8217;objectiu d&#8217;aquest servei \u00e9s l&#8217;avaluaci\u00f3 dels nostres clients, els seus sistemes o procediments per a aix\u00f2 complim amb una s\u00e8rie de normes que asseguren essencialment la nostra capacitat, objectivitat i independ\u00e8ncia, amb el prop\u00f2sit de verificar que l&#8217;empresa auditada&hellip;<\/p>\n","protected":false},"author":1,"featured_media":0,"parent":0,"menu_order":0,"comment_status":"closed","ping_status":"closed","template":"","meta":[],"_links":{"self":[{"href":"https:\/\/www.movint.es\/ca\/wp-json\/wp\/v2\/pages\/4041"}],"collection":[{"href":"https:\/\/www.movint.es\/ca\/wp-json\/wp\/v2\/pages"}],"about":[{"href":"https:\/\/www.movint.es\/ca\/wp-json\/wp\/v2\/types\/page"}],"author":[{"embeddable":true,"href":"https:\/\/www.movint.es\/ca\/wp-json\/wp\/v2\/users\/1"}],"replies":[{"embeddable":true,"href":"https:\/\/www.movint.es\/ca\/wp-json\/wp\/v2\/comments?post=4041"}],"version-history":[{"count":10,"href":"https:\/\/www.movint.es\/ca\/wp-json\/wp\/v2\/pages\/4041\/revisions"}],"predecessor-version":[{"id":12772,"href":"https:\/\/www.movint.es\/ca\/wp-json\/wp\/v2\/pages\/4041\/revisions\/12772"}],"wp:attachment":[{"href":"https:\/\/www.movint.es\/ca\/wp-json\/wp\/v2\/media?parent=4041"}],"curies":[{"name":"wp","href":"https:\/\/api.w.org\/{rel}","templated":true}]}}