{"id":4031,"date":"2011-03-03T12:05:01","date_gmt":"2011-03-03T11:05:01","guid":{"rendered":"http:\/\/www.movint.es\/servicios-2\/"},"modified":"2020-07-14T14:51:46","modified_gmt":"2020-07-14T14:51:46","slug":"servicios-2","status":"publish","type":"page","link":"https:\/\/www.movint.es\/ca\/servicios-2\/","title":{"rendered":"Serveis"},"content":{"rendered":"<p>A\u00a0<strong>Movint<\/strong>\u00a0som experts en la consultoria log\u00edstica, la nostra especialitzaci\u00f3 est\u00e0 fundamentalment en el desenvolupament i execuci\u00f3 de projectes en totes les seves fases.<\/p>\n<p>Habitualment, solem classificar els projectes segons tres conceptes:<\/p>\n<ul>\n<li>Nova implantaci\u00f3.<\/li>\n<li>Reenginyeria.<\/li>\n<li>Ampliaci\u00f3.<\/li>\n<\/ul>\n<p>A m\u00e9s a m\u00e9s dels projectes, com assessoria log\u00edstica, presentem altres serveis complementaris que amb el temps han ampliat la nostra oferta.<\/p>\n<p>Podr\u00edem dir que el nostre \u00e0mbit d\u2019actuaci\u00f3 es centra fundamentalment en tres tipus de serveis, composats per diverses fases o a la vegada, serveis que poden ser contractats de forma independent.<\/p>\n<p>Amb la nostra experi\u00e8ncia al llarg d\u2019aquests anys, hem apr\u00e8s a adaptar-nos sempre a les necessitats de cadascun dels clients, sempre amb la finalitat de millorar a nivell operatiu i log\u00edstic la seva plataforma donant el millor servei.<\/p>\n<p>L\u2019experi\u00e8ncia \u00e9s un grau i cada projecte un repte per a Movint, per aquest motiu, segons els requeriments que ens presenta cada client adaptem la millor soluci\u00f3 per a les seves necessitats amb la finalitat de complir la meta proposada amb \u00e8xit.<\/p>\n<ul id=\"menu-soluciones-completo\" class=\"menu\"><\/ul>\n<p><!--:--><\/p>\n<ul id=\"menu-soluciones-completo\" class=\"menu\">\n<li id=\"menu-item-446\" class=\"menu-item menu-item-type-post_type menu-item-object-page menu-item-446\"><a href=\"\/servicios\/auditorias-logisticas\/\">Auditories Log\u00edstiques<\/a><\/li>\n<li id=\"menu-item-442\" class=\"menu-item menu-item-type-post_type menu-item-object-page menu-item-442\"><a href=\"\/servicios\/anteproyectos-logisticos\/\">Avantprojecte<\/a><\/li>\n<li id=\"menu-item-440\" class=\"menu-item menu-item-type-post_type menu-item-object-page menu-item-440\"><a href=\"\/servicios\/estudio-viabilidad-economica\/\">Estudi Viabilitat Econ\u00f2mica<\/a><\/li>\n<li id=\"menu-item-447\" class=\"menu-item menu-item-type-post_type menu-item-object-page menu-item-447\"><a href=\"\/servicios\/proyectos-logisticos\/\">Projectes<\/a><\/li>\n<li id=\"menu-item-439\" class=\"menu-item menu-item-type-post_type menu-item-object-page menu-item-439\"><a href=\"\/servicios\/asesoramiento-contratacion-de-equipamientos-logisticos\/\">Assessorament en contractaci\u00f3 d\u2019equipaments Log\u00edstics<\/a><\/li>\n<li id=\"menu-item-438\" class=\"menu-item menu-item-type-post_type menu-item-object-page menu-item-438\"><a href=\"\/servicios\/soporte-tecnico-logistico-en-las-puestas-en-marcha\/\">Suport T\u00e8cnic en posta en maxa<\/a><\/li>\n<li id=\"menu-item-438\" class=\"menu-item menu-item-type-post_type menu-item-object-page menu-item-438\"><a href=\"\/servicios\/soporte-tecnico-logistico-en-las-puestas-en-marcha\/\">Soporte T\u00e9cnico en puesta en marcha<\/a><\/li>\n<li id=\"menu-item-449\" class=\"menu-item menu-item-type-post_type menu-item-object-page menu-item-449\"><a href=\"\/servicios\/mantenimiento-logistico\/\">Manteniment log\u00edstic<\/a><\/li>\n<li id=\"menu-item-1209\" class=\"menu-item menu-item-type-post_type menu-item-object-page menu-item-1209\"><a href=\"\/servicios\/formacion-2\/\">Formaci\u00f3<\/a><\/li>\n<li id=\"menu-item-445\" class=\"menu-item menu-item-type-post_type menu-item-object-page menu-item-445\"><a href=\"\/servicios\/consultoria-logistica\/\">Consultoria<\/a><\/li>\n<li id=\"menu-item-444\" class=\"menu-item menu-item-type-post_type menu-item-object-page menu-item-444\"><a href=\"\/servicios\/servicios-logisticos-especiales\/\">Serveis especials<\/a><\/li>\n<li id=\"menu-item-1210\" class=\"menu-item menu-item-type-post_type menu-item-object-page menu-item-1210\"><a href=\"\/servicios\/reportaje-grafico\/\">Reportatge gr\u00e0fic<\/a><\/li>\n<\/ul>\n","protected":false},"excerpt":{"rendered":"<p>A\u00a0Movint\u00a0som experts en la consultoria log\u00edstica, la nostra especialitzaci\u00f3 est\u00e0 fundamentalment en el desenvolupament i execuci\u00f3 de projectes en totes les seves fases. Habitualment, solem classificar els projectes segons tres conceptes: Nova implantaci\u00f3. Reenginyeria. Ampliaci\u00f3. A m\u00e9s a m\u00e9s dels projectes, com assessoria log\u00edstica, presentem altres serveis complementaris que amb el temps han ampliat la&hellip;<\/p>\n","protected":false},"author":1,"featured_media":0,"parent":0,"menu_order":2,"comment_status":"closed","ping_status":"closed","template":"","meta":[],"_links":{"self":[{"href":"https:\/\/www.movint.es\/ca\/wp-json\/wp\/v2\/pages\/4031"}],"collection":[{"href":"https:\/\/www.movint.es\/ca\/wp-json\/wp\/v2\/pages"}],"about":[{"href":"https:\/\/www.movint.es\/ca\/wp-json\/wp\/v2\/types\/page"}],"author":[{"embeddable":true,"href":"https:\/\/www.movint.es\/ca\/wp-json\/wp\/v2\/users\/1"}],"replies":[{"embeddable":true,"href":"https:\/\/www.movint.es\/ca\/wp-json\/wp\/v2\/comments?post=4031"}],"version-history":[{"count":5,"href":"https:\/\/www.movint.es\/ca\/wp-json\/wp\/v2\/pages\/4031\/revisions"}],"predecessor-version":[{"id":6993,"href":"https:\/\/www.movint.es\/ca\/wp-json\/wp\/v2\/pages\/4031\/revisions\/6993"}],"wp:attachment":[{"href":"https:\/\/www.movint.es\/ca\/wp-json\/wp\/v2\/media?parent=4031"}],"curies":[{"name":"wp","href":"https:\/\/api.w.org\/{rel}","templated":true}]}}